{"id":104,"date":"2025-07-15T09:40:01","date_gmt":"2025-07-15T07:40:01","guid":{"rendered":"https:\/\/sofa.ps.hu\/?page_id=104"},"modified":"2025-07-15T09:40:01","modified_gmt":"2025-07-15T07:40:01","slug":"ginop-3-2-2-8-2-4-16-2018","status":"publish","type":"page","link":"https:\/\/sofakft.hu\/en\/ginop-3-2-2-8-2-4-16-2018\/","title":{"rendered":"ginop-3.2.2-8-2-4-16-2018"},"content":{"rendered":"<div class=\"wp-block-group alignfull has-global-padding is-content-justification-center is-layout-constrained wp-block-group-is-layout-constrained\" style=\"margin-top:0;margin-bottom:0\">\n<div style=\"height:var(--wp--preset--spacing--20)\" aria-hidden=\"true\" class=\"wp-block-spacer\"><\/div>\n\n\n\n<div class=\"wp-block-group alignwide is-layout-flow wp-block-group-is-layout-flow\">\n<div class=\"wp-block-columns alignwide are-vertically-aligned-top is-layout-flex wp-container-core-columns-is-layout-5c8fb865 wp-block-columns-is-layout-flex\">\n<div class=\"wp-block-column is-vertically-aligned-top has-global-padding is-content-justification-left is-layout-constrained wp-container-core-column-is-layout-95996b15 wp-block-column-is-layout-constrained\">\n<h2 class=\"wp-block-heading alignfull\"><strong><em>Kedvezm\u00e9nyezett neve:<\/em><\/strong><\/h2>\n\n\n\n<p><em>Sofa Faipari Fafeldolgoz\u00f3 Korl\u00e1tolt Felel\u0151ss\u00e9g\u0171 T\u00e1rsas\u00e1g<\/em><\/p>\n\n\n\n<p><strong><em>A projekt c\u00edme<\/em><\/strong><em>:<\/em><\/p>\n\n\n\n<p><em>Integr\u00e1lt v\u00e1llalatir\u00e1ny\u00edt\u00e1si rendszer bevezet\u00e9se a Sofa Faipari Kft.-n\u00e9l<\/em><\/p>\n\n\n\n<p><strong><em>A szerz\u0151d\u00f6tt t\u00e1mogat\u00e1s \u00f6sszege<\/em><\/strong><em>:<\/em><\/p>\n\n\n\n<p><em>10 346 000 Ft<\/em><\/p>\n\n\n\n<p><strong><em>A t\u00e1mogat\u00e1s m\u00e9rt\u00e9ke (%-ban):<\/em><\/strong><\/p>\n\n\n\n<p><em>40 %<\/em><\/p>\n\n\n\n<p><em>A projekt sor\u00e1n a k\u00f6vetkez\u0151 modulokat szeretn\u00e9nk bevezetni:<\/em><\/p>\n\n\n\n<p><em>HRM, Kontrolling \u00e9s d\u00f6nt\u00e9st\u00e1mogat\u00e1s, P\u00e9nz\u00fcgy, sz\u00e1mvitel ter\u00fclet<\/em><\/p>\n\n\n\n<p><em>CRM, Beszerz\u00e9s, logisztika, T\u00e1v \u00e9s csoportmunka modul, Munkafolyamat-ir\u00e1ny\u00edt\u00e1si rendszer, Elektronikus iratkezel\u00e9s<\/em><\/p>\n\n\n\n<p><strong><em>A projekt befejez\u00e9si d\u00e1tuma<\/em><\/strong><em>:<\/em><\/p>\n\n\n\n<p><em>2021.07.02.<\/em><\/p>\n\n\n\n<p><strong><em>A projekt azonos\u00edt\u00f3 sz\u00e1ma<\/em><\/strong><em>:<\/em><\/p>\n\n\n\n<p><em>GINOP-3.2.2-8-2-4-16-2018-01372<\/em><\/p>\n<\/div>\n<\/div>\n<\/div>\n<\/div>","protected":false},"excerpt":{"rendered":"<p>Kedvezm\u00e9nyezett neve: Sofa Faipari Fafeldolgoz\u00f3 Korl\u00e1tolt Felel\u0151ss\u00e9g\u0171 T\u00e1rsas\u00e1g A projekt c\u00edme: Integr\u00e1lt v\u00e1llalatir\u00e1ny\u00edt\u00e1si rendszer bevezet\u00e9se a Sofa Faipari Kft.-n\u00e9l A szerz\u0151d\u00f6tt t\u00e1mogat\u00e1s \u00f6sszege: 10 346 000 Ft A t\u00e1mogat\u00e1s m\u00e9rt\u00e9ke (%-ban): 40 % A projekt sor\u00e1n a k\u00f6vetkez\u0151 modulokat szeretn\u00e9nk bevezetni: HRM, Kontrolling \u00e9s d\u00f6nt\u00e9st\u00e1mogat\u00e1s, P\u00e9nz\u00fcgy, sz\u00e1mvitel ter\u00fclet CRM, Beszerz\u00e9s, logisztika, T\u00e1v \u00e9s csoportmunka modul, [&hellip;]<\/p>","protected":false},"author":1,"featured_media":0,"parent":0,"menu_order":0,"comment_status":"closed","ping_status":"closed","template":"","meta":{"footnotes":""},"class_list":["post-104","page","type-page","status-publish","hentry"],"_links":{"self":[{"href":"https:\/\/sofakft.hu\/en\/wp-json\/wp\/v2\/pages\/104","targetHints":{"allow":["GET"]}}],"collection":[{"href":"https:\/\/sofakft.hu\/en\/wp-json\/wp\/v2\/pages"}],"about":[{"href":"https:\/\/sofakft.hu\/en\/wp-json\/wp\/v2\/types\/page"}],"author":[{"embeddable":true,"href":"https:\/\/sofakft.hu\/en\/wp-json\/wp\/v2\/users\/1"}],"replies":[{"embeddable":true,"href":"https:\/\/sofakft.hu\/en\/wp-json\/wp\/v2\/comments?post=104"}],"version-history":[{"count":1,"href":"https:\/\/sofakft.hu\/en\/wp-json\/wp\/v2\/pages\/104\/revisions"}],"predecessor-version":[{"id":105,"href":"https:\/\/sofakft.hu\/en\/wp-json\/wp\/v2\/pages\/104\/revisions\/105"}],"wp:attachment":[{"href":"https:\/\/sofakft.hu\/en\/wp-json\/wp\/v2\/media?parent=104"}],"curies":[{"name":"wp","href":"https:\/\/api.w.org\/{rel}","templated":true}]}}