{"id":108,"date":"2025-07-15T09:43:06","date_gmt":"2025-07-15T07:43:06","guid":{"rendered":"https:\/\/sofa.ps.hu\/?page_id=108"},"modified":"2025-07-15T09:43:06","modified_gmt":"2025-07-15T07:43:06","slug":"ginop-4-1-3-19-2019-00786","status":"publish","type":"page","link":"https:\/\/sofakft.hu\/en\/ginop-4-1-3-19-2019-00786\/","title":{"rendered":"ginop-4.1.3-19-2019-00786"},"content":{"rendered":"<div class=\"wp-block-group alignfull has-global-padding is-content-justification-center is-layout-constrained wp-block-group-is-layout-constrained\" style=\"margin-top:0;margin-bottom:0\">\n<div style=\"height:var(--wp--preset--spacing--20)\" aria-hidden=\"true\" class=\"wp-block-spacer\"><\/div>\n\n\n\n<div class=\"wp-block-group alignwide is-layout-flow wp-block-group-is-layout-flow\">\n<div class=\"wp-block-columns alignwide are-vertically-aligned-top is-layout-flex wp-container-core-columns-is-layout-5c8fb865 wp-block-columns-is-layout-flex\">\n<div class=\"wp-block-column is-vertically-aligned-top has-global-padding is-content-justification-left is-layout-constrained wp-container-core-column-is-layout-95996b15 wp-block-column-is-layout-constrained\">\n<h2 class=\"wp-block-heading alignfull\"><strong><em>Kedvezm\u00e9nyezett neve:<\/em><\/strong><\/h2>\n\n\n\n<p><em>Sofa Faipari Fafeldolgoz\u00f3 Korl\u00e1tolt Felel\u0151ss\u00e9g\u0171 T\u00e1rsas\u00e1g<\/em><\/p>\n\n\n\n<p><strong><em>Projekt c\u00edme:<\/em><\/strong><\/p>\n\n\n\n<p><em>Napelemes rendszer telep\u00edt\u00e9se a Sofa Faipari Kft.-n\u00e9l<\/em><\/p>\n\n\n\n<p><strong><em>Projektazonos\u00edt\u00f3:<\/em><\/strong><\/p>\n\n\n\n<p><em>GINOP-4.1.3-19-2019-00786<\/em><\/p>\n\n\n\n<p><em><strong>T\u00e1mogat\u00e1s \u00f6sszege<\/strong>:<\/em><\/p>\n\n\n\n<p><em>2 964 000 Ft<\/em><\/p>\n\n\n\n<p><em><strong>Szerz<\/strong><strong>.<\/strong><strong>d\u00e9s hat\u00e1lyba l\u00e9p\u00e9s\u00e9nek d\u00e1tuma<\/strong>:<\/em><\/p>\n\n\n\n<p><em>2019. 10. 16.<\/em><\/p>\n\n\n\n<p><strong><em>Projekt tartalma:<\/em><\/strong><\/p>\n\n\n\n<p><em>P\u00e1ly\u00e1zatunk c\u00e9lja egy kiskapacit\u00e1s\u00fa, saj\u00e1t villamosenergia-fogyaszt\u00e1s kiv\u00e1lt\u00e1s\u00e1t c\u00e9lz\u00f3 napelemes rendszer telep\u00edt\u00e9se volt a tatai Sofa Kft telephely\u00e9n saj\u00e1t energiafogyaszt\u00e1sunk fedez\u00e9s\u00e9re a h\u00e1l\u00f3zati villamosenergia-termel\u00e9sre.<\/em><\/p>\n\n\n\n<p><em>A 14,82 kWp h\u00e1l\u00f3zatra visszat\u00e1pl\u00e1l\u00f3 napelemes rendszer ki\u00e9p\u00edt\u00e9s\u00e9vel c\u00e9g\u00fcnk hozz\u00e1j\u00e1rul a meg\u00fajul\u00f3 energiaforr\u00e1s-felhaszn\u00e1l\u00e1s\u00e1nak n\u00f6vel\u00e9s\u00e9hez, a primer energiafogyaszt\u00e1s \u00e9s az \u00fcvegh\u00e1zhat\u00e1s\u00fa g\u00e1zkibocs\u00e1t\u00e1s cs\u00f6kkent\u00e9s\u00e9hez.<\/em><\/p>\n\n\n\n<p><em>Az \u00e9p\u00fcletben a beruh\u00e1z\u00e1s ut\u00e1n ki\u00e9p\u00edtett termel\u00e9si eszk\u00f6z\u00f6k megfelelnek a m\u0171szaki k\u00f6vetelm\u00e9nyekben le\u00edrt elv\u00e1r\u00e1soknak, a relev\u00e1ns villamos-energiaig\u00e9nyeket fedezik. A v\u00e1rhat\u00f3 megtermelt villamos energia hozam 16300 kWh\/\u00e9v.<\/em><\/p>\n\n\n\n<p><em>A p\u00e1ly\u00e1zat \u00e1ltal be\u00e9p\u00edt\u00e9sre ker\u00fclt rendszer\u00fcnk elemei: 52 db GP Solar GSH 285P\/120 polykrist\u00e1lyos napelem modul, 1 db Inverter-Symo 15.0-3-M WLAN \u00e9s Webserver modullal DC \u00e9s AC oldali kieg\u00e9sz\u00edt\u0151kkel az aj\u00e1nlat szerint.<\/em><\/p>\n\n\n\n<p><em>C\u00e9g\u00fcnk napelem beruh\u00e1z\u00e1sa egy\u00e9rtelm\u0171en a j\u00f6v\u0151 energiatermel\u0151 berendez\u00e9s\u00e9t jelenti, ezek a rendszerek a modern, \u00f6kotudatos \u00e9letm\u00f3d n\u00e9lk\u00fcl\u00f6zhetetlen eszk\u00f6zei. A napf\u00e9nyt hasznos\u00edtjuk, ami nem ig\u00e9nyel kitermel\u00e9st, nem k\u00f6t\u0151dik k\u00fcl\u00f6n szolg\u00e1ltat\u00f3hoz \u00e9s felhaszn\u00e1l\u00e1sa sem rombolja a k\u00f6rnyezetet. A <strong>napelemes rendszer<\/strong><strong> <\/strong>haszn\u00e1lata nem j\u00e1r k\u00e1ros anyagok kibocs\u00e1t\u00e1s\u00e1val, energiatakar\u00e9kos fogyaszt\u00e1st val\u00f3s\u00edt meg \u00e9s az \u00f6kol\u00e1bnyom zsugor\u00edt\u00e1s\u00e1ban is jelent\u0151s szerepe van.<\/em><\/p>\n\n\n\n<p><em>A p\u00e1ly\u00e1zat seg\u00edts\u00e9g\u00e9vel megval\u00f3sult beruh\u00e1z\u00e1s \u00e1ltal a Sofa Faipari Kft. energiafelhaszn\u00e1l\u00e1s\u00e1nak 60 %-\u00e1t napelemek seg\u00edts\u00e9g\u00e9vel \u00e1ll\u00edtjuk el\u0151, ami c\u00e9g\u00fcnk sz\u00e1m\u00e1ra jelent\u0151s megtakar\u00edt\u00e1st is jelent.<\/em><\/p>\n<\/div>\n<\/div>\n\n\n\n<div style=\"height:var(--wp--preset--spacing--20)\" aria-hidden=\"true\" class=\"wp-block-spacer\"><\/div>\n\n\n\n<figure class=\"wp-block-image size-full\"><img loading=\"lazy\" decoding=\"async\" width=\"798\" height=\"560\" src=\"https:\/\/sofakft.hu\/wp-content\/uploads\/2025\/07\/napelem.jpg\" alt=\"\" class=\"wp-image-109\" style=\"aspect-ratio:16\/9;object-fit:cover\" srcset=\"https:\/\/sofakft.hu\/wp-content\/uploads\/2025\/07\/napelem.jpg 798w, https:\/\/sofakft.hu\/wp-content\/uploads\/2025\/07\/napelem-300x211.jpg 300w, https:\/\/sofakft.hu\/wp-content\/uploads\/2025\/07\/napelem-768x539.jpg 768w\" sizes=\"auto, (max-width: 798px) 100vw, 798px\" \/><\/figure>\n<\/div>\n\n\n\n<div style=\"height:var(--wp--preset--spacing--20)\" aria-hidden=\"true\" class=\"wp-block-spacer\"><\/div>\n<\/div>","protected":false},"excerpt":{"rendered":"<p>Kedvezm\u00e9nyezett neve: Sofa Faipari Fafeldolgoz\u00f3 Korl\u00e1tolt Felel\u0151ss\u00e9g\u0171 T\u00e1rsas\u00e1g Projekt c\u00edme: Napelemes rendszer telep\u00edt\u00e9se a Sofa Faipari Kft.-n\u00e9l Projektazonos\u00edt\u00f3: GINOP-4.1.3-19-2019-00786 T\u00e1mogat\u00e1s \u00f6sszege: 2 964 000 Ft Szerz\u0151d\u00e9s hat\u00e1lyba l\u00e9p\u00e9s\u00e9nek d\u00e1tuma: 2019. 10. 16. Projekt tartalma: P\u00e1ly\u00e1zatunk c\u00e9lja egy kiskapacit\u00e1s\u00fa, saj\u00e1t villamosenergia-fogyaszt\u00e1s kiv\u00e1lt\u00e1s\u00e1t c\u00e9lz\u00f3 napelemes rendszer telep\u00edt\u00e9se volt a tatai Sofa Kft telephely\u00e9n saj\u00e1t energiafogyaszt\u00e1sunk fedez\u00e9s\u00e9re a [&hellip;]<\/p>","protected":false},"author":1,"featured_media":0,"parent":0,"menu_order":0,"comment_status":"closed","ping_status":"closed","template":"","meta":{"footnotes":""},"class_list":["post-108","page","type-page","status-publish","hentry"],"_links":{"self":[{"href":"https:\/\/sofakft.hu\/en\/wp-json\/wp\/v2\/pages\/108","targetHints":{"allow":["GET"]}}],"collection":[{"href":"https:\/\/sofakft.hu\/en\/wp-json\/wp\/v2\/pages"}],"about":[{"href":"https:\/\/sofakft.hu\/en\/wp-json\/wp\/v2\/types\/page"}],"author":[{"embeddable":true,"href":"https:\/\/sofakft.hu\/en\/wp-json\/wp\/v2\/users\/1"}],"replies":[{"embeddable":true,"href":"https:\/\/sofakft.hu\/en\/wp-json\/wp\/v2\/comments?post=108"}],"version-history":[{"count":1,"href":"https:\/\/sofakft.hu\/en\/wp-json\/wp\/v2\/pages\/108\/revisions"}],"predecessor-version":[{"id":110,"href":"https:\/\/sofakft.hu\/en\/wp-json\/wp\/v2\/pages\/108\/revisions\/110"}],"wp:attachment":[{"href":"https:\/\/sofakft.hu\/en\/wp-json\/wp\/v2\/media?parent=108"}],"curies":[{"name":"wp","href":"https:\/\/api.w.org\/{rel}","templated":true}]}}