{"id":114,"date":"2025-07-15T09:45:45","date_gmt":"2025-07-15T07:45:45","guid":{"rendered":"https:\/\/sofa.ps.hu\/?page_id=114"},"modified":"2025-07-15T09:45:45","modified_gmt":"2025-07-15T07:45:45","slug":"ginop-1-2-8-20-2020-00205","status":"publish","type":"page","link":"https:\/\/sofakft.hu\/en\/ginop-1-2-8-20-2020-00205\/","title":{"rendered":"ginop-1.2.8-20-2020-00205"},"content":{"rendered":"<div class=\"wp-block-group alignfull has-global-padding is-content-justification-center is-layout-constrained wp-block-group-is-layout-constrained\" style=\"margin-top:0;margin-bottom:0\">\n<div style=\"height:var(--wp--preset--spacing--20)\" aria-hidden=\"true\" class=\"wp-block-spacer\"><\/div>\n\n\n\n<div class=\"wp-block-group alignwide is-layout-flow wp-block-group-is-layout-flow\">\n<div class=\"wp-block-columns alignwide are-vertically-aligned-top is-layout-flex wp-container-core-columns-is-layout-5c8fb865 wp-block-columns-is-layout-flex\">\n<div class=\"wp-block-column is-vertically-aligned-top has-global-padding is-content-justification-left is-layout-constrained wp-container-core-column-is-layout-95996b15 wp-block-column-is-layout-constrained\">\n<h2 class=\"wp-block-heading alignfull\"><strong><em>Kedvezm\u00e9nyezett neve:<\/em><\/strong><\/h2>\n\n\n\n<p><em>Sofa Faipari Fafeldolgoz\u00f3 Korl\u00e1tolt Felel<\/em><em>.<\/em><em>ss\u00e9g<\/em><em>.<\/em><em> T\u00e1rsas\u00e1g<\/em><\/p>\n\n\n\n<p><strong><em>Projekt c\u00edme:<\/em><\/strong><\/p>\n\n\n\n<p><em>A Sofa Faipari Kft. modern termel\u00e9si kih\u00edv\u00e1sokhoz val\u00f3 alkalmazkod\u00e1sa<\/em><\/p>\n\n\n\n<p><strong><em>Szerz<\/em><\/strong><strong><em>.<\/em><\/strong><strong><em>d\u00f6tt t\u00e1mogat\u00e1s \u00f6sszege:<\/em><\/strong><\/p>\n\n\n\n<p><em>15.500.000,- Ft<\/em><\/p>\n\n\n\n<p><strong><em>Elsz\u00e1molhat\u00f3 \u00f6sszk\u00f6lts\u00e9g:<\/em><\/strong><\/p>\n\n\n\n<p><em>23.571.429,- Ft<\/em><\/p>\n\n\n\n<p><strong><em>Projekt azonos\u00edt\u00f3 sz\u00e1ma:<\/em><\/strong><\/p>\n\n\n\n<p><em>GINOP-1.2.8-20-2020-00205<\/em><\/p>\n\n\n\n<p><strong><em>Projekt befejez\u00e9si d\u00e1tuma:<\/em><\/strong><\/p>\n\n\n\n<p><em>2020.10.31.<\/em><\/p>\n\n\n\n<p><strong><em>Projekt tartalma:<\/em><\/strong><\/p>\n\n\n\n<p><em>A GINOP-1.2.8-20-as k\u00f3dsz\u00e1m\u00fa, \u201eA mikro-, kis- \u00e9s k\u00f6z\u00e9pv\u00e1llalkoz\u00e1sok modern \u00fczleti \u00e9s termel\u00e9si kih\u00edv\u00e1sokhoz val\u00f3 alkalmazkod\u00e1s\u00e1t seg\u00edt<\/em><em>.<\/em><em> fejleszt\u00e9sek t\u00e1mogat\u00e1sa\u201d c. felh\u00edv\u00e1s\u00e1ra beny\u00fajtott p\u00e1ly\u00e1zati anyagunk a v\u00e1llalkoz\u00e1s versenyk\u00e9pess\u00e9g\u00e9nek \u00e9s termel\u00e9kenys\u00e9g\u00e9nek jav\u00edt\u00e1s\u00e1t szolg\u00e1lja.<\/em><\/p>\n\n\n\n<p><em>A 6 tengelyes raklap szegez\u0151 robot beszerz\u00e9se nagy l\u00e9p\u00e9s c\u00e9g\u00fcnk innov\u00e1ci\u00f3ja ter\u00e9n.<\/em><\/p>\n\n\n\n<p><em>Robotiz\u00e1ci\u00f3val korszer\u0171s\u00edthetj\u00fck a gy\u00e1ri eszk\u00f6z\u00f6keinket, mellyel cs\u00f6kken a selejt, javul a termelt anyagok min\u0151s\u00e9ge, cs\u00f6kken a gy\u00e1rt\u00e1si folyamathoz sz\u00fcks\u00e9ges id\u0151, \u00e9s sz\u00e1mos m\u00f3don optimaliz\u00e1lhat\u00f3 a termel\u00e9s. Ezek mind termel\u00e9kenys\u00e9g\u00fcnket \u00e9s a Sofa Kft hat\u00e9konys\u00e1g\u00e1t n\u00f6velik. Az emberek helyett g\u00e9pek dolgoznak, szegecselnek, pakolnak \u00e9s az emberek csak a robotokat fel\u00fcgyelik, kezelik, gyorsabb\u00e1 v\u00e1lt a termel\u00e9s. A robotiz\u00e1ci\u00f3 seg\u00edts\u00e9g\u00e9vel egyedi m\u00e9retez\u00e9s\u0171 raklapokat gy\u00e1rtunk, magasabb \u00e1rbev\u00e9telt \u00e9s magasabb profitr\u00e1t\u00e1t \u00e9rhet\u00fcnk el.<\/em><\/p>\n\n\n\n<p><em>A beruh\u00e1z\u00e1s \u00e1ltal a munkav\u00e1llal\u00f3knak jobb, fizikailag kev\u00e9sb\u00e9 megterhel<\/em><em>.<\/em><em> munkak\u00f6r\u00fclm\u00e9nyeket teremt\u00fcnk. A projektben v\u00e9grehajtott \u00fajabb fejleszt\u00e9s nagy es\u00e9ly v\u00e1llalkoz\u00e1sunk \u00e9letben tart\u00e1s\u00e1ra, fejl<\/em><em>.<\/em><em>d\u00e9s\u00e9re.\u201d<\/em><\/p>\n<\/div>\n<\/div>\n\n\n\n<div style=\"height:var(--wp--preset--spacing--20)\" aria-hidden=\"true\" class=\"wp-block-spacer\"><\/div>\n\n\n\n<figure class=\"wp-block-image size-full\"><img loading=\"lazy\" decoding=\"async\" width=\"798\" height=\"579\" src=\"https:\/\/sofakft.hu\/wp-content\/uploads\/2025\/07\/szechenyi.jpg\" alt=\"\" class=\"wp-image-115\" style=\"aspect-ratio:16\/9;object-fit:cover\" srcset=\"https:\/\/sofakft.hu\/wp-content\/uploads\/2025\/07\/szechenyi.jpg 798w, https:\/\/sofakft.hu\/wp-content\/uploads\/2025\/07\/szechenyi-300x218.jpg 300w, https:\/\/sofakft.hu\/wp-content\/uploads\/2025\/07\/szechenyi-768x557.jpg 768w\" sizes=\"auto, (max-width: 798px) 100vw, 798px\" \/><\/figure>\n<\/div>\n\n\n\n<div style=\"height:var(--wp--preset--spacing--20)\" aria-hidden=\"true\" class=\"wp-block-spacer\"><\/div>\n<\/div>","protected":false},"excerpt":{"rendered":"<p>Kedvezm\u00e9nyezett neve: Sofa Faipari Fafeldolgoz\u00f3 Korl\u00e1tolt Felel\u0151ss\u00e9g\u0171 T\u00e1rsas\u00e1g Projekt c\u00edme: A Sofa Faipari Kft. modern termel\u00e9si kih\u00edv\u00e1sokhoz val\u00f3 alkalmazkod\u00e1sa Szerz\u0151d\u00f6tt t\u00e1mogat\u00e1s \u00f6sszege: 15.500.000,- Ft Elsz\u00e1molhat\u00f3 \u00f6sszk\u00f6lts\u00e9g: 23.571.429,- Ft Projekt azonos\u00edt\u00f3 sz\u00e1ma: GINOP-1.2.8-20-2020-00205 Projekt befejez\u00e9si d\u00e1tuma: 2020.10.31. Projekt tartalma: A GINOP-1.2.8-20-as k\u00f3dsz\u00e1m\u00fa, \u201eA mikro-, kis- \u00e9s k\u00f6z\u00e9pv\u00e1llalkoz\u00e1sok modern \u00fczleti \u00e9s termel\u00e9si kih\u00edv\u00e1sokhoz val\u00f3 alkalmazkod\u00e1s\u00e1t seg\u00edt\u0151 fejleszt\u00e9sek [&hellip;]<\/p>","protected":false},"author":1,"featured_media":0,"parent":0,"menu_order":0,"comment_status":"closed","ping_status":"closed","template":"","meta":{"footnotes":""},"class_list":["post-114","page","type-page","status-publish","hentry"],"_links":{"self":[{"href":"https:\/\/sofakft.hu\/en\/wp-json\/wp\/v2\/pages\/114","targetHints":{"allow":["GET"]}}],"collection":[{"href":"https:\/\/sofakft.hu\/en\/wp-json\/wp\/v2\/pages"}],"about":[{"href":"https:\/\/sofakft.hu\/en\/wp-json\/wp\/v2\/types\/page"}],"author":[{"embeddable":true,"href":"https:\/\/sofakft.hu\/en\/wp-json\/wp\/v2\/users\/1"}],"replies":[{"embeddable":true,"href":"https:\/\/sofakft.hu\/en\/wp-json\/wp\/v2\/comments?post=114"}],"version-history":[{"count":1,"href":"https:\/\/sofakft.hu\/en\/wp-json\/wp\/v2\/pages\/114\/revisions"}],"predecessor-version":[{"id":116,"href":"https:\/\/sofakft.hu\/en\/wp-json\/wp\/v2\/pages\/114\/revisions\/116"}],"wp:attachment":[{"href":"https:\/\/sofakft.hu\/en\/wp-json\/wp\/v2\/media?parent=114"}],"curies":[{"name":"wp","href":"https:\/\/api.w.org\/{rel}","templated":true}]}}