{"id":118,"date":"2025-07-15T09:48:14","date_gmt":"2025-07-15T07:48:14","guid":{"rendered":"https:\/\/sofa.ps.hu\/?page_id=118"},"modified":"2025-07-15T09:56:14","modified_gmt":"2025-07-15T07:56:14","slug":"ginop-5-2-4-19-2020-00283","status":"publish","type":"page","link":"https:\/\/sofakft.hu\/en\/ginop-5-2-4-19-2020-00283\/","title":{"rendered":"ginop-5.2.4-19-2020-00283"},"content":{"rendered":"<div class=\"wp-block-group alignfull has-global-padding is-content-justification-center is-layout-constrained wp-block-group-is-layout-constrained\" style=\"margin-top:0;margin-bottom:0\">\n<div style=\"height:var(--wp--preset--spacing--20)\" aria-hidden=\"true\" class=\"wp-block-spacer\"><\/div>\n\n\n\n<div class=\"wp-block-group alignwide is-layout-flow wp-block-group-is-layout-flow\">\n<div class=\"wp-block-columns alignwide are-vertically-aligned-top is-layout-flex wp-container-core-columns-is-layout-5c8fb865 wp-block-columns-is-layout-flex\">\n<div class=\"wp-block-column is-vertically-aligned-top has-global-padding is-content-justification-left is-layout-constrained wp-container-core-column-is-layout-95996b15 wp-block-column-is-layout-constrained\">\n<h2 class=\"wp-block-heading alignfull\"><strong><em>Alapadatok<\/em><\/strong><\/h2>\n\n\n\n<p><strong><em>P\u00e1ly\u00e1z\u00f3 neve:<\/em><\/strong><\/p>\n\n\n\n<p><em>Sofa Faipari Fafeldolgoz\u00f3 Korl\u00e1tolt Felel<\/em><em>.<\/em><em>ss\u00e9g<\/em><em>.<\/em><em> T\u00e1rsas\u00e1g<\/em><\/p>\n\n\n\n<p><strong><em>Projekt megnevez\u00e9se:<\/em><\/strong><\/p>\n\n\n\n<p><em>Gyakornok foglalkoztat\u00e1sa a Sofa Faipari Kft-n\u00e9l.<\/em><\/p>\n\n\n\n<p><strong><em>OP n\u00e9v:<\/em><\/strong><\/p>\n\n\n\n<p><em>GINOP<\/em><\/p>\n\n\n\n<p><strong><em>P\u00e1ly\u00e1zati ki\u00edr\u00e1s megnevez\u00e9se:<\/em><\/strong><\/p>\n\n\n\n<p><em>Ginop-5.2.4-19- \u00daj gyakornoki program<\/em><\/p>\n\n\n\n<p><strong><em>Projekt azonos\u00edt\u00f3 sz\u00e1ma:<\/em><\/strong><\/p>\n\n\n\n<p><em>Ginop-5.2.4-19- 2020-00283<\/em><\/p>\n\n\n\n<p><strong><em>Projekt helysz\u00edne (r\u00e9gi\u00f3):<\/em><\/strong><\/p>\n\n\n\n<p><em>K\u00f6z\u00e9p-Dun\u00e1nt\u00fal<\/em><\/p>\n\n\n\n<p><strong><em>Projekt helysz\u00edne (megye):<\/em><\/strong><\/p>\n\n\n\n<p><em>Kom\u00e1rom-Esztergom<\/em><\/p>\n\n\n\n<p><strong><em>Projekt helysz\u00edne (telep\u00fcl\u00e9s):<\/em><\/strong><\/p>\n\n\n\n<p><em>Tata<\/em><\/p>\n\n\n\n<p><strong><em>Meg\u00edt\u00e9lt \u00f6sszeg:<\/em><\/strong><\/p>\n\n\n\n<p><em>6 048 000,- Ft<\/em><\/p>\n\n\n\n<p><strong><em>T\u00e1mogat\u00e1s ar\u00e1nya:<\/em><\/strong><\/p>\n\n\n\n<p><em>100 %<\/em><\/p>\n\n\n\n<p><strong><em>T\u00e1mogat\u00e1si d\u00f6nt\u00e9s d\u00e1tuma:<\/em><\/strong><\/p>\n\n\n\n<p><em>2020.07.06. &nbsp;&nbsp;&nbsp;&nbsp;&nbsp;&nbsp;&nbsp;&nbsp;&nbsp;&nbsp;&nbsp;<\/em><\/p>\n\n\n\n<p><strong><em>Orsz\u00e1g:<\/em><\/strong><\/p>\n\n\n\n<p><em>Magyarorsz\u00e1g<\/em><\/p>\n\n\n\n<p><strong><em>Projekt \u00f6sszk\u00f6lts\u00e9g:<\/em><\/strong><\/p>\n\n\n\n<p><em>6 048 000,- HUF<\/em><\/p>\n\n\n\n<p><strong><em>Projekt tartalma:<\/em><\/strong><\/p>\n\n\n\n<p><em>A fiatal gyakornokok a program keret\u00e9ben, szakk\u00e9pz\u00e9sb<\/em><em>.<\/em><em>l kil\u00e9pve lehet<\/em><em>.<\/em><em>s\u00e9get kapnak az elhelyezked\u00e9shez, valamint szakmai- \u00e9s munkatapasztalat szerz\u00e9s\u00e9hez. A Sofa Faipari Kft. 2 f<\/em><em>.<\/em><em> gyakornokot alkalmaz, akik mindketten 25 \u00e9v alatti koroszt\u00e1lyba tartoznak &amp; OKJ-s bizony\u00edtv\u00e1nnyal rendelkeznek. A munkaer<\/em><em>.<\/em><em>-piaci integr\u00e1ci\u00f3jukat seg\u00edtend<\/em><em>.<\/em><em> Ifj\u00fas\u00e1gi Garancia rendszerben regisztr\u00e1ltak. A c\u00e9g \u00fcgyvezet<\/em><em>.<\/em><em>je ( aki pedag\u00f3gus v\u00e9gzetts\u00e9ggel is rendelkezik) v\u00e1llalati gyakornoki kapcsolattart\u00f3k\u00e9nt beilleszked\u00e9s\u00fcket, illetve szakmai fejl<\/em><em>.<\/em><em>d\u00e9s\u00fcket seg\u00edti.<\/em><\/p>\n<\/div>\n<\/div>\n<\/div>\n\n\n\n<div style=\"height:var(--wp--preset--spacing--20)\" aria-hidden=\"true\" class=\"wp-block-spacer\"><\/div>\n<\/div>","protected":false},"excerpt":{"rendered":"<p>Alapadatok P\u00e1ly\u00e1z\u00f3 neve: Sofa Faipari Fafeldolgoz\u00f3 Korl\u00e1tolt Felel\u0151ss\u00e9g\u0171 T\u00e1rsas\u00e1g Projekt megnevez\u00e9se: Gyakornok foglalkoztat\u00e1sa a Sofa Faipari Kft-n\u00e9l. OP n\u00e9v: GINOP P\u00e1ly\u00e1zati ki\u00edr\u00e1s megnevez\u00e9se: Ginop-5.2.4-19- \u00daj gyakornoki program Projekt azonos\u00edt\u00f3 sz\u00e1ma: Ginop-5.2.4-19- 2020-00283 Projekt helysz\u00edne (r\u00e9gi\u00f3): K\u00f6z\u00e9p-Dun\u00e1nt\u00fal Projekt helysz\u00edne (megye): Kom\u00e1rom-Esztergom Projekt helysz\u00edne (telep\u00fcl\u00e9s): Tata Meg\u00edt\u00e9lt \u00f6sszeg: 6 048 000,- Ft T\u00e1mogat\u00e1s ar\u00e1nya: 100 % T\u00e1mogat\u00e1si [&hellip;]<\/p>","protected":false},"author":1,"featured_media":0,"parent":0,"menu_order":0,"comment_status":"closed","ping_status":"closed","template":"","meta":{"footnotes":""},"class_list":["post-118","page","type-page","status-publish","hentry"],"_links":{"self":[{"href":"https:\/\/sofakft.hu\/en\/wp-json\/wp\/v2\/pages\/118","targetHints":{"allow":["GET"]}}],"collection":[{"href":"https:\/\/sofakft.hu\/en\/wp-json\/wp\/v2\/pages"}],"about":[{"href":"https:\/\/sofakft.hu\/en\/wp-json\/wp\/v2\/types\/page"}],"author":[{"embeddable":true,"href":"https:\/\/sofakft.hu\/en\/wp-json\/wp\/v2\/users\/1"}],"replies":[{"embeddable":true,"href":"https:\/\/sofakft.hu\/en\/wp-json\/wp\/v2\/comments?post=118"}],"version-history":[{"count":2,"href":"https:\/\/sofakft.hu\/en\/wp-json\/wp\/v2\/pages\/118\/revisions"}],"predecessor-version":[{"id":133,"href":"https:\/\/sofakft.hu\/en\/wp-json\/wp\/v2\/pages\/118\/revisions\/133"}],"wp:attachment":[{"href":"https:\/\/sofakft.hu\/en\/wp-json\/wp\/v2\/media?parent=118"}],"curies":[{"name":"wp","href":"https:\/\/api.w.org\/{rel}","templated":true}]}}