{"id":121,"date":"2025-07-15T09:50:05","date_gmt":"2025-07-15T07:50:05","guid":{"rendered":"https:\/\/sofa.ps.hu\/?page_id=121"},"modified":"2025-07-15T09:50:05","modified_gmt":"2025-07-15T07:50:05","slug":"ginop_plusz-1-2-3-21-20221","status":"publish","type":"page","link":"https:\/\/sofakft.hu\/en\/ginop_plusz-1-2-3-21-20221\/","title":{"rendered":"ginop_plusz-1.2.3-21-20221"},"content":{"rendered":"<div class=\"wp-block-group alignfull has-global-padding is-content-justification-center is-layout-constrained wp-block-group-is-layout-constrained\" style=\"margin-top:0;margin-bottom:0\">\n<div style=\"height:var(--wp--preset--spacing--20)\" aria-hidden=\"true\" class=\"wp-block-spacer\"><\/div>\n\n\n\n<div class=\"wp-block-group alignwide is-layout-flow wp-block-group-is-layout-flow\">\n<div class=\"wp-block-columns alignwide are-vertically-aligned-top is-layout-flex wp-container-core-columns-is-layout-5c8fb865 wp-block-columns-is-layout-flex\">\n<div class=\"wp-block-column is-vertically-aligned-top has-global-padding is-content-justification-left is-layout-constrained wp-container-core-column-is-layout-95996b15 wp-block-column-is-layout-constrained\">\n<h2 class=\"wp-block-heading alignfull\"><em><strong>Kedvezm\u00e9nyezett neve:<\/strong> Sofa Faipari Fafeldolgoz\u00f3 Korl\u00e1tolt Felel\u0151ss\u00e9g\u0171 T\u00e1rsas\u00e1g<\/em><\/h2>\n\n\n\n<p><em><strong>Projekt azonos\u00edt\u00f3sz\u00e1ma:<\/strong> GINOP_PLUSZ-1.2.3-21 2022-04096<\/em><\/p>\n\n\n\n<p><em><strong>Projekt c\u00e9lja:<\/strong> Modern \u00fczleti \u00e9s termel\u00e9si kih\u00edv\u00e1sokhoz val\u00f3 alkalmazkod\u00e1st seg\u00edt\u0151 fejleszt\u00e9s a Sofa Faipari Kft-n\u00e9l<\/em><\/p>\n\n\n\n<p><em><strong>Az eur\u00f3pai uni\u00f3s t\u00e1mogat\u00e1s \u00f6sszege: <\/strong>87 778 365 Ft<\/em><\/p>\n\n\n\n<p><strong><em>Projekt tartalm\u00e1nak r\u00e9szletes bemutat\u00e1sa:<\/em><\/strong><\/p>\n\n\n\n<p><em>Jelen p\u00e1ly\u00e1zat seg\u00edts\u00e9g\u00e9vel c\u00e9g\u00fcnk \u00faj term\u00e9kkel, EUR\/EPAL raklap gy\u00e1rt\u00e1s\u00e1val szeretne a hazai \u00e9s az eur\u00f3pai piacra l\u00e9pni. Ezen c\u00e9llal egy komplex beruh\u00e1z\u00e1st kell v\u00e9grehajtanunk t\u00f6bb g\u00e9p beszerz\u00e9s\u00e9vel.<\/em><\/p>\n\n\n\n<p><em>A megv\u00e1s\u00e1rolni k\u00edv\u00e1nt SMPA 500.2 ED t\u00edpus\u00fa raklapszegez\u0151 g\u00e9psor egy modern, robusztus elektromechanikai hajt\u00e1s\u00fa konstrukci\u00f3. Mindenhol alkalmazhat\u00f3, ahol gyorsan, j\u00f3 min\u0151s\u00e9g\u0171 raklapot kell szegelni, nagy produktivit\u00e1ssal \u00e9s magas szegez\u00e9si pontoss\u00e1ggal. Az EPAL gondosan ellen\u0151rz\u00f6tt gy\u00e1rt\u00f3knak \u00e9s jav\u00edt\u00f3knak adja meg az EPAL gy\u00e1rt\u00f3i \u00e9s jav\u00edt\u00f3i enged\u00e9lyeket. Az EPAL enged\u00e9llyel rendelkez\u0151 gy\u00e1rt\u00f3kat \u00e9s jav\u00edt\u00f3kat egy f\u00fcggetlen min\u0151s\u00edt\u0151 szervezet rendszeresen ellen\u0151rzi, ami lehet\u0151v\u00e9 teszi az EPAL sz\u00e1m\u00e1ra az EPAL raklapok magas min\u0151s\u00e9g\u00e9nek biztos\u00edt\u00e1s\u00e1t. A megv\u00e1s\u00e1rolni k\u00edv\u00e1nt szegz\u0151 sor rendelkezik olyan kieg\u00e9sz\u00edt\u0151 alegys\u00e9gekkel, amelyek n\u00e9lk\u00fcl\u00f6zhetetlen kell\u00e9kei az EPAL raklap gy\u00e1rt\u00e1s\u00e1hoz. Ezek az egys\u00e9gek a f\u00f3zol\u00f3 (talp deszka \u00e9l\u00e9nek let\u00f6r\u00e9se) \u00e9s sarkaz\u00f3 ( raklap n\u00e9gy sark\u00e1nak v\u00e1g\u00e1sa ).<\/em><\/p>\n\n\n\n<p><em>A beruh\u00e1z\u00e1s keret\u00e9ben szeretn\u00e9nk megv\u00e1s\u00e1rolni a szegez\u0151 g\u00e9p \u00e1ltal legy\u00e1rtott raklapok leszed\u00e9s\u00e9re \u00e9s rakatol\u00e1s\u00e1ra alkalmas NACHI SRA-166-os t\u00edpus\u00fa robot cell\u00e1t. A cella lehet\u0151s\u00e9get ny\u00fajt a folyamatos termel\u00e9sre emberi er\u0151 beavatkoz\u00e1sa n\u00e9lk\u00fcl.<\/em><\/p>\n\n\n\n<p><em>Ahhoz, hogy meg tudjunk felelni az EPAL k\u00f6vetelm\u00e9nyeinek sz\u00fcks\u00e9g\u00fcnk van egy sz\u00e1r\u00edt\u00f3\/h\u0151kezel\u0151 kamr\u00e1ra is, mivel faanyag nedvess\u00e9gtartalma nem haladhatja meg a &nbsp;22%-ot. Ez\u00e9rt szeretn\u00e9nk a p\u00e1ly\u00e1zat keret\u00e9ben megv\u00e1s\u00e1rolni egy NARDI gy\u00e1rt\u00e1s\u00fa K-200 t\u00edpus\u00fa sz\u00e1r\u00edt\u00f3 berendez\u00e9st.<\/em><\/p>\n\n\n\n<p><em>A sz\u00e1r\u00edt\u00f3 berendez\u00e9s f\u0171t\u0151kaz\u00e1nja meg\u00fajul\u00f3 energia hasznos\u00edt\u00e1s\u00e1val (faapr\u00edt\u00e9k \u00e9s f\u0171r\u00e9szpor) m\u0171k\u00f6dik.<\/em><\/p>\n\n\n\n<p><em>A szegez\u0151 g\u00e9p sor akkor tudja el\u00e9rni a k\u00edv\u00e1nt hat\u00e9konys\u00e1got, ha a megfelel\u0151 min\u0151s\u00e9g\u0171, m\u00e9ret\u0171 \u00e9s mennyis\u00e9g\u0171 raklap elem \u00e1ll rendelkez\u00e9sre. C\u00e9g\u00fcnk sz\u00e1l anyagban tudja megv\u00e1s\u00e1rolni versenyk\u00e9pes \u00e1ron a raklap elemet, amit m\u00e9g m\u00e9retre kell v\u00e1gni! A jelenlegi kis teljes\u00edtm\u00e9ny\u0171 szab\u00e1sz g\u00e9p\u00fcnk nem lenne alkalmas a sz\u00fcks\u00e9ges mennyis\u00e9g\u0171 raklap elemet el\u0151\u00e1ll\u00edtani. Hi\u00e1ba \u00e1ll rendelkez\u00e9sre egy rendk\u00edv\u00fcl termel\u00e9keny szegez\u0151 sor, nem tudn\u00e1nk kiszolg\u00e1lni. Ez\u00e9rt szeretn\u00e9nk megv\u00e1s\u00e1rolni a p\u00e1ly\u00e1zat keret\u00e9ben egy PRINZ Cutstar rakatv\u00e1g\u00f3 f\u0171r\u00e9szg\u00e9pet.<\/em><\/p>\n\n\n\n<p><em>A beruh\u00e1z\u00e1s r\u00e9v\u00e9n c\u00e9g\u00fcnk j\u00f6vedelmez\u0151s\u00e9ge 8-10 %-al n\u00f6vekedne, ami el\u0151seg\u00edti tov\u00e1bbi fejl\u0151d\u00e9s\u00fcnket \u00e9s beruh\u00e1z\u00e1si lehet\u0151s\u00e9geinket.<\/em><\/p>\n\n\n\n<p><em>Az \u00faj term\u00e9kkel szeretn\u00e9nk kil\u00e9pni az eur\u00f3pai piacra, hiszen az EPAL raklap Eur\u00f3p\u00e1ban \u00e1ltal\u00e1nosan elfogadott.<\/em><\/p>\n\n\n\n<p><em>C\u00e9g\u00fcnk bev\u00e9tele jelenleg 99%-ban belf\u00f6ldi \u00e9rt\u00e9kes\u00edt\u00e9sb\u0151l \u00e9s alig 1 % exportb\u00f3l tev\u0151dik \u00f6ssze.<\/em><\/p>\n\n\n\n<p><em>Export bev\u00e9teleinket szeretn\u00e9nk minimum 8 %-ra emelni.<\/em><\/p>\n\n\n\n<p><em>Egy\u00e9b tev\u00e9kenys\u00e9gek:<\/em><\/p>\n\n\n\n<p><em>25 nm napkollektor telep\u00edt\u00e9se haszn\u00e1lati melegv\u00edz biztos\u00edt\u00e1s\u00e1ra. Ezzel cs\u00f6kkentj\u00fck a rezsi jelleg\u0171 kiad\u00e1sainkat, illetve k\u00f6zvetett m\u00f3don a k\u00e1rosanyag kibocs\u00e1t\u00e1st is.<\/em><\/p>\n\n\n\n<p><em>Marketing tan\u00e1csad\u00e1s \u00e9s m\u00e1rka\u00e9p\u00edt\u00e9s \u00e9s Angol nyelvi k\u00e9pz\u00e9s 1 f\u0151 r\u00e9sz\u00e9re: egyr\u00e9szt a technol\u00f3giai ig\u00e9nyek, m\u00e1sr\u00e9szt pedig a folyamatos piacb\u0151v\u00fcl\u00e9s is sz\u00fcks\u00e9gess\u00e9 teszik ezen tev\u00e9kenys\u00e9gek megval\u00f3s\u00edt\u00e1s\u00e1t.<\/em><\/p>\n\n\n\n<p><em><strong>Projekt befejez\u00e9si d\u00e1tuma: <\/strong>2024.02.29.<\/em><\/p>\n\n\n\n<p><strong><em>A GINOP_PLUSZ-1.2.3-21 2022-04096 az Eur\u00f3pai Uni\u00f3 t\u00e1rsfinansz\u00edroz\u00e1s\u00e1val val\u00f3sult meg.<\/em><\/strong><\/p>\n<\/div>\n<\/div>\n<\/div>\n\n\n\n<div style=\"height:var(--wp--preset--spacing--20)\" aria-hidden=\"true\" class=\"wp-block-spacer\"><\/div>\n<\/div>","protected":false},"excerpt":{"rendered":"<p>Kedvezm\u00e9nyezett neve: Sofa Faipari Fafeldolgoz\u00f3 Korl\u00e1tolt Felel\u0151ss\u00e9g\u0171 T\u00e1rsas\u00e1g Projekt azonos\u00edt\u00f3sz\u00e1ma: GINOP_PLUSZ-1.2.3-21 2022-04096 Projekt c\u00e9lja: Modern \u00fczleti \u00e9s termel\u00e9si kih\u00edv\u00e1sokhoz val\u00f3 alkalmazkod\u00e1st seg\u00edt\u0151 fejleszt\u00e9s a Sofa Faipari Kft-n\u00e9l Az eur\u00f3pai uni\u00f3s t\u00e1mogat\u00e1s \u00f6sszege: 87 778 365 Ft Projekt tartalm\u00e1nak r\u00e9szletes bemutat\u00e1sa: Jelen p\u00e1ly\u00e1zat seg\u00edts\u00e9g\u00e9vel c\u00e9g\u00fcnk \u00faj term\u00e9kkel, EUR\/EPAL raklap gy\u00e1rt\u00e1s\u00e1val szeretne a hazai \u00e9s az eur\u00f3pai [&hellip;]<\/p>","protected":false},"author":1,"featured_media":0,"parent":0,"menu_order":0,"comment_status":"closed","ping_status":"closed","template":"","meta":{"footnotes":""},"class_list":["post-121","page","type-page","status-publish","hentry"],"_links":{"self":[{"href":"https:\/\/sofakft.hu\/en\/wp-json\/wp\/v2\/pages\/121","targetHints":{"allow":["GET"]}}],"collection":[{"href":"https:\/\/sofakft.hu\/en\/wp-json\/wp\/v2\/pages"}],"about":[{"href":"https:\/\/sofakft.hu\/en\/wp-json\/wp\/v2\/types\/page"}],"author":[{"embeddable":true,"href":"https:\/\/sofakft.hu\/en\/wp-json\/wp\/v2\/users\/1"}],"replies":[{"embeddable":true,"href":"https:\/\/sofakft.hu\/en\/wp-json\/wp\/v2\/comments?post=121"}],"version-history":[{"count":1,"href":"https:\/\/sofakft.hu\/en\/wp-json\/wp\/v2\/pages\/121\/revisions"}],"predecessor-version":[{"id":122,"href":"https:\/\/sofakft.hu\/en\/wp-json\/wp\/v2\/pages\/121\/revisions\/122"}],"wp:attachment":[{"href":"https:\/\/sofakft.hu\/en\/wp-json\/wp\/v2\/media?parent=121"}],"curies":[{"name":"wp","href":"https:\/\/api.w.org\/{rel}","templated":true}]}}