{"id":124,"date":"2025-07-15T09:51:24","date_gmt":"2025-07-15T07:51:24","guid":{"rendered":"https:\/\/sofa.ps.hu\/?page_id=124"},"modified":"2025-07-15T09:51:24","modified_gmt":"2025-07-15T07:51:24","slug":"ginop-1-2-14-20-2021-00239","status":"publish","type":"page","link":"https:\/\/sofakft.hu\/en\/ginop-1-2-14-20-2021-00239\/","title":{"rendered":"ginop-1.2.14-20-2021-00239"},"content":{"rendered":"<div class=\"wp-block-group alignfull has-global-padding is-content-justification-center is-layout-constrained wp-block-group-is-layout-constrained\" style=\"margin-top:0;margin-bottom:0\">\n<div style=\"height:var(--wp--preset--spacing--20)\" aria-hidden=\"true\" class=\"wp-block-spacer\"><\/div>\n\n\n\n<div class=\"wp-block-group alignwide is-layout-flow wp-block-group-is-layout-flow\">\n<div class=\"wp-block-columns alignwide are-vertically-aligned-top is-layout-flex wp-container-core-columns-is-layout-5c8fb865 wp-block-columns-is-layout-flex\">\n<div class=\"wp-block-column is-vertically-aligned-top has-global-padding is-content-justification-left is-layout-constrained wp-container-core-column-is-layout-95996b15 wp-block-column-is-layout-constrained\">\n<h2 class=\"wp-block-heading alignfull\">&nbsp;<strong><em>KEDVEZM\u00c9NYEZETT NEVE<\/em><\/strong><em>: Sofa Faipari Fafeldolgoz\u00f3 Korl\u00e1tolt Felel\u0151ss\u00e9g\u0171 T\u00e1rsas\u00e1g<\/em><\/h2>\n\n\n\n<p><strong><em>PROJEKT C\u00cdME<\/em><\/strong><em>: Modern \u00fczleti \u00e9s termel\u00e9si kih\u00edv\u00e1sokhoz val\u00f3 alkalmazkod\u00e1s\u00e1t seg\u00edt\u0151 fejleszt\u00e9sek a SOFA Kft-n\u00e9l.<\/em><\/p>\n\n\n\n<p><strong><em>SZERZ\u0150D\u00d6TT T\u00c1MOGAT\u00c1SI \u00d6SSZEG: <\/em><\/strong><em>33 196 800 Ft<\/em><em> felt\u00e9telesen visszat\u00e9r\u00edtend\u0151 t\u00e1mogat\u00e1s<\/em><\/p>\n\n\n\n<p><strong><em>T\u00c1MOGAT\u00c1S M\u00c9RT\u00c9KE<\/em><\/strong><em>: 70%<\/em><\/p>\n\n\n\n<p><strong><em>A projekt tartalm\u00e1nak bemutat\u00e1sa<\/em><\/strong><em>:<\/em><\/p>\n\n\n\n<p><em>Beszerz\u00e9sre ker\u00fclt egy PWR 402 k\u00e9ttengelyes sorozatv\u00e1g\u00f3 k\u00f6rf\u0171r\u00e9sz. A sorozatv\u00e1g\u00f3 g\u00e9p m\u0171k\u00f6d\u00e9se egy LCD panelen k\u00f6vethet\u0151. A tervezett v\u00e1g\u00e1s magass\u00e1g &amp; sz\u00e9less\u00e9g is itt \u00e1ll\u00edthat\u00f3 be, mely egy be\u00e9p\u00edtett l\u00e9zer seg\u00edts\u00e9g\u00e9vel m\u00e9retez.<\/em><\/p>\n\n\n\n<p><em>A raklap \u00e9s egy\u00e9b b\u00fatorok gy\u00e1rt\u00e1s\u00e1n\u00e1l sz\u00e1mos egyedi m\u00e9ret\u0171 alapanyagot kell el\u0151\u00e1ll\u00edtani. A sorozatv\u00e1g\u00f3 beszerz\u00e9se lehet\u0151s\u00e9get ad a 18 &#8211; 200 mm sz\u00e9les alapanyag el\u0151\u00e1ll\u00edt\u00e1s\u00e1ra, melyek beszerz\u00e9se id\u00e1ig gondot jelentett, mivel a besz\u00e1ll\u00edt\u00f3k t\u00f6bbs\u00e9ge standard m\u00e9retekkel dolgozik. Emellett a k\u00e9ttengelyes sorozatv\u00e1g\u00f3 a v\u00e9konyabb f\u0171r\u00e9szlapok \u00e1ltal kevesebb f\u0171r\u00e9szport \u2013 mell\u00e9kterm\u00e9ket \u2013 termel. Megt\u00f6rt\u00e9nt a Faapr\u00edt\u00e9k kaz\u00e1n \u00e9s tartoz\u00e9kainak beszerel\u00e9se. A f\u0171t\u00e9s rendszerrel a gy\u00e1rt\u00f3 helys\u00e9gekben szab\u00e1lyozni lehet a h\u0151m\u00e9rs\u00e9kletet, ez megk\u00f6nny\u00edti a g\u00e9pek m\u0171k\u00f6d\u00e9s\u00e9t, mivel \u00e1lland\u00f3 \u00fczemh\u0151m\u00e9rs\u00e9kletet tudunk biztos\u00edtani. Pl. a robotokat 5 celzius fok alatt nem lehet m\u0171k\u00f6dtetni. A f\u0171t\u00e9s korszer\u0171s\u00edt\u00e9s\u00e9hez beszerezni k\u00edv\u00e1nt fa apr\u00edt\u00e9k kaz\u00e1nt a termel\u00e9skor keletkezett \u2019fa hullad\u00e9k\u2019 ledar\u00e1l\u00e1s\u00e1b\u00f3l sz\u00e1rmaz\u00f3 apr\u00edt\u00e9k f\u0171ten\u00e9 adagol\u00f3-behord\u00f3 rendszer seg\u00edts\u00e9g\u00e9vel. A fa apr\u00edt\u00e9k meg\u00fajul\u00f3 energiaforr\u00e1s, mindemellett megval\u00f3sul a k\u00f6zel hullad\u00e9kmentes termel\u00e9s. A projekttel \u00e1rbev\u00e9tel\u00fcnk m\u00e9g nagyobb r\u00e9sze \u00e1llna magasabb hozz\u00e1adott \u00e9rt\u00e9kkel rendelkez\u0151 term\u00e9kek elad\u00e1s\u00e1b\u00f3l, \u00edgy nagyobb \u00e1rbev\u00e9tel \u00e9s magasabb profittal dolgozn\u00e1nk.<\/em><\/p>\n\n\n\n<p><em>A projektben elsz\u00e1moltunk:<\/em><\/p>\n\n\n\n<p>&#8211; &nbsp;&nbsp;&nbsp;&nbsp;&nbsp;&nbsp;&nbsp;&nbsp;<em>1 DB PWR 402 k\u00e9ttengelyes sorozatv\u00e1g\u00f3 k\u00f6rf\u0171r\u00e9szt<\/em><\/p>\n\n\n\n<p>&#8211; &nbsp;&nbsp;&nbsp;&nbsp;&nbsp;&nbsp;&nbsp;&nbsp;<em>1 Fa apr\u00edt\u00e9k db kaz\u00e1nt, tartoz\u00e9kaival \u00e9s beszerel\u00e9ssel<\/em><\/p>\n\n\n\n<p>&#8211; &nbsp;&nbsp;&nbsp;&nbsp;&nbsp;&nbsp;&nbsp;&nbsp;<em>munkat\u00e1rsak b\u00e9rk\u00f6ts\u00e9g t\u00e1mogat\u00e1s\u00e1t<\/em><\/p>\n\n\n\n<p><strong><em>PROJEKT BEFEJEZ\u00c9SE:<\/em><\/strong><em> 2022.06.21<\/em><\/p>\n\n\n\n<p><strong><em>SZERZ\u0150D\u00c9S SZ\u00c1MA<\/em><\/strong><em>: GINOP-1.2.14-20-2021-00239<\/em><\/p>\n<\/div>\n<\/div>\n<\/div>\n\n\n\n<div style=\"height:var(--wp--preset--spacing--20)\" aria-hidden=\"true\" class=\"wp-block-spacer\"><\/div>\n<\/div>","protected":false},"excerpt":{"rendered":"<p>&nbsp;KEDVEZM\u00c9NYEZETT NEVE: Sofa Faipari Fafeldolgoz\u00f3 Korl\u00e1tolt Felel\u0151ss\u00e9g\u0171 T\u00e1rsas\u00e1g PROJEKT C\u00cdME: Modern \u00fczleti \u00e9s termel\u00e9si kih\u00edv\u00e1sokhoz val\u00f3 alkalmazkod\u00e1s\u00e1t seg\u00edt\u0151 fejleszt\u00e9sek a SOFA Kft-n\u00e9l. SZERZ\u0150D\u00d6TT T\u00c1MOGAT\u00c1SI \u00d6SSZEG: 33 196 800 Ft felt\u00e9telesen visszat\u00e9r\u00edtend\u0151 t\u00e1mogat\u00e1s T\u00c1MOGAT\u00c1S M\u00c9RT\u00c9KE: 70% A projekt tartalm\u00e1nak bemutat\u00e1sa: Beszerz\u00e9sre ker\u00fclt egy PWR 402 k\u00e9ttengelyes sorozatv\u00e1g\u00f3 k\u00f6rf\u0171r\u00e9sz. A sorozatv\u00e1g\u00f3 g\u00e9p m\u0171k\u00f6d\u00e9se egy LCD panelen k\u00f6vethet\u0151. [&hellip;]<\/p>","protected":false},"author":1,"featured_media":0,"parent":0,"menu_order":0,"comment_status":"closed","ping_status":"closed","template":"","meta":{"footnotes":""},"class_list":["post-124","page","type-page","status-publish","hentry"],"_links":{"self":[{"href":"https:\/\/sofakft.hu\/en\/wp-json\/wp\/v2\/pages\/124","targetHints":{"allow":["GET"]}}],"collection":[{"href":"https:\/\/sofakft.hu\/en\/wp-json\/wp\/v2\/pages"}],"about":[{"href":"https:\/\/sofakft.hu\/en\/wp-json\/wp\/v2\/types\/page"}],"author":[{"embeddable":true,"href":"https:\/\/sofakft.hu\/en\/wp-json\/wp\/v2\/users\/1"}],"replies":[{"embeddable":true,"href":"https:\/\/sofakft.hu\/en\/wp-json\/wp\/v2\/comments?post=124"}],"version-history":[{"count":1,"href":"https:\/\/sofakft.hu\/en\/wp-json\/wp\/v2\/pages\/124\/revisions"}],"predecessor-version":[{"id":125,"href":"https:\/\/sofakft.hu\/en\/wp-json\/wp\/v2\/pages\/124\/revisions\/125"}],"wp:attachment":[{"href":"https:\/\/sofakft.hu\/en\/wp-json\/wp\/v2\/media?parent=124"}],"curies":[{"name":"wp","href":"https:\/\/api.w.org\/{rel}","templated":true}]}}