{"id":127,"date":"2025-07-15T09:52:39","date_gmt":"2025-07-15T07:52:39","guid":{"rendered":"https:\/\/sofa.ps.hu\/?page_id=127"},"modified":"2025-07-15T09:52:39","modified_gmt":"2025-07-15T07:52:39","slug":"ginop-8-3-5-18b-1","status":"publish","type":"page","link":"https:\/\/sofakft.hu\/en\/ginop-8-3-5-18b-1\/","title":{"rendered":"ginop-8.3.5-18b-1"},"content":{"rendered":"<div class=\"wp-block-group alignfull has-global-padding is-content-justification-center is-layout-constrained wp-block-group-is-layout-constrained\" style=\"margin-top:0;margin-bottom:0\">\n<div style=\"height:var(--wp--preset--spacing--20)\" aria-hidden=\"true\" class=\"wp-block-spacer\"><\/div>\n\n\n\n<div class=\"wp-block-group alignwide is-layout-flow wp-block-group-is-layout-flow\">\n<div class=\"wp-block-columns alignwide are-vertically-aligned-top is-layout-flex wp-container-core-columns-is-layout-5c8fb865 wp-block-columns-is-layout-flex\">\n<div class=\"wp-block-column is-vertically-aligned-top has-global-padding is-content-justification-left is-layout-constrained wp-container-core-column-is-layout-95996b15 wp-block-column-is-layout-constrained\">\n<h2 class=\"wp-block-heading alignfull\"><strong><em>Kedvezm\u00e9nyezett neve:<\/em><\/strong><\/h2>\n\n\n\n<p><em>Sofa Faipari Fafeldolgoz\u00f3 Korl\u00e1tolt Felel\u0151<\/em><em>ss\u00e9g\u0171<\/em><em> T\u00e1rsas\u00e1g<\/em><\/p>\n\n\n\n<p><strong><em>Projekt c\u00edme:<\/em><\/strong><\/p>\n\n\n\n<p><em>Hitelprogram keret\u00e9ben alapanyag \u00e9s k\u00e9szlet finansz\u00edroz\u00e1s<\/em><\/p>\n\n\n\n<p><strong><em>Szerz\u0151<\/em><\/strong><strong><em>d\u00f6tt t\u00e1mogat\u00e1s \u00f6sszege:<\/em><\/strong><\/p>\n\n\n\n<p><em>25.000.000,- Ft visszat\u00e9r\u00edtend<\/em><em>.<\/em><\/p>\n\n\n\n<p><strong><em>Projekt azonos\u00edt\u00f3 sz\u00e1ma:<\/em><\/strong><\/p>\n\n\n\n<p><em>GINOP-8.3.5-18\/B<\/em><\/p>\n\n\n\n<p><strong><em>Projekt helysz\u00edne (V\u00e1rmegye):<\/em><\/strong><\/p>\n\n\n\n<p><em>Kom\u00e1rom-Esztergom<\/em><\/p>\n\n\n\n<p><strong><em>Projekt helysz\u00edne (telep\u00fcl\u00e9s):<\/em><\/strong><\/p>\n\n\n\n<p><em>Tata<\/em><\/p>\n\n\n\n<p><strong><em>Projekt befejez\u00e9si d\u00e1tuma:<\/em><\/strong><\/p>\n\n\n\n<p><strong><em>Projekt tartalma:<\/em><\/strong><\/p>\n\n\n\n<p><em>A GINOP-8.3.5-18B Hitelprogrammal a Sofa Faipari Kft. likvid m<\/em><em>\u0171k\u00f6d\u00e9s\u00e9nek zavartalan biztos\u00edt\u00e1s\u00e1hoz sz\u00fcks\u00e9ges alapanyag, illetve k\u00e9szlet beszerz\u00e9seket finansz\u00edrozza.<\/em><\/p>\n<\/div>\n<\/div>\n<\/div>\n\n\n\n<div style=\"height:var(--wp--preset--spacing--20)\" aria-hidden=\"true\" class=\"wp-block-spacer\"><\/div>\n<\/div>","protected":false},"excerpt":{"rendered":"<p>Kedvezm\u00e9nyezett neve: Sofa Faipari Fafeldolgoz\u00f3 Korl\u00e1tolt Felel\u0151ss\u00e9g\u0171 T\u00e1rsas\u00e1g Projekt c\u00edme: Hitelprogram keret\u00e9ben alapanyag \u00e9s k\u00e9szlet finansz\u00edroz\u00e1s Szerz\u0151d\u00f6tt t\u00e1mogat\u00e1s \u00f6sszege: 25.000.000,- Ft visszat\u00e9r\u00edtend\u0151 Projekt azonos\u00edt\u00f3 sz\u00e1ma: GINOP-8.3.5-18\/B Projekt helysz\u00edne (V\u00e1rmegye): Kom\u00e1rom-Esztergom Projekt helysz\u00edne (telep\u00fcl\u00e9s): Tata Projekt befejez\u00e9si d\u00e1tuma: Projekt tartalma: A GINOP-8.3.5-18B Hitelprogrammal a Sofa Faipari Kft. likvid m\u0171k\u00f6d\u00e9s\u00e9nek zavartalan biztos\u00edt\u00e1s\u00e1hoz sz\u00fcks\u00e9ges alapanyag, illetve k\u00e9szlet beszerz\u00e9seket [&hellip;]<\/p>","protected":false},"author":1,"featured_media":0,"parent":0,"menu_order":0,"comment_status":"closed","ping_status":"closed","template":"","meta":{"footnotes":""},"class_list":["post-127","page","type-page","status-publish","hentry"],"_links":{"self":[{"href":"https:\/\/sofakft.hu\/en\/wp-json\/wp\/v2\/pages\/127","targetHints":{"allow":["GET"]}}],"collection":[{"href":"https:\/\/sofakft.hu\/en\/wp-json\/wp\/v2\/pages"}],"about":[{"href":"https:\/\/sofakft.hu\/en\/wp-json\/wp\/v2\/types\/page"}],"author":[{"embeddable":true,"href":"https:\/\/sofakft.hu\/en\/wp-json\/wp\/v2\/users\/1"}],"replies":[{"embeddable":true,"href":"https:\/\/sofakft.hu\/en\/wp-json\/wp\/v2\/comments?post=127"}],"version-history":[{"count":1,"href":"https:\/\/sofakft.hu\/en\/wp-json\/wp\/v2\/pages\/127\/revisions"}],"predecessor-version":[{"id":128,"href":"https:\/\/sofakft.hu\/en\/wp-json\/wp\/v2\/pages\/127\/revisions\/128"}],"wp:attachment":[{"href":"https:\/\/sofakft.hu\/en\/wp-json\/wp\/v2\/media?parent=127"}],"curies":[{"name":"wp","href":"https:\/\/api.w.org\/{rel}","templated":true}]}}