{"id":130,"date":"2025-07-15T09:53:48","date_gmt":"2025-07-15T07:53:48","guid":{"rendered":"https:\/\/sofa.ps.hu\/?page_id=130"},"modified":"2026-01-26T09:59:21","modified_gmt":"2026-01-26T08:59:21","slug":"ginop_plusz-2-1-3-24-2024-00165-1","status":"publish","type":"page","link":"https:\/\/sofakft.hu\/en\/ginop_plusz-2-1-3-24-2024-00165-1\/","title":{"rendered":"GINOP_PLUSZ-2.1.3-24-2024-00165"},"content":{"rendered":"<div class=\"wp-block-group alignwide is-layout-flow wp-block-group-is-layout-flow\">\n<div class=\"wp-block-columns alignwide are-vertically-aligned-top is-layout-flex wp-container-core-columns-is-layout-5c8fb865 wp-block-columns-is-layout-flex\">\n<div class=\"wp-block-column is-vertically-aligned-top has-global-padding is-content-justification-left is-layout-constrained wp-container-core-column-is-layout-95996b15 wp-block-column-is-layout-constrained\">\n<p><strong><em>Kedvezm\u00e9nyezett neve:<\/em><\/strong><em>Sofa Faipari Fafeldolgoz\u00f3 Korl\u00e1tolt Felel\u0151ss\u00e9g\u0171 T\u00e1rsas\u00e1g<\/em><\/p>\n\n\n\n<p><strong><em>Projekt c\u00e9lja:<\/em><\/strong><em>\u00dczleti folyamatok innov\u00e1ci\u00f3s fejleszt\u00e9se a Sofa Faipari Kft-n\u00e9l.<\/em><\/p>\n\n\n\n<p><strong><em>Projektazonos\u00edt\u00f3<\/em><\/strong><em>: GINOP_PLUSZ-2.1.3-24-2024-00165<\/em><\/p>\n\n\n\n<p><strong><em>Szerz\u0151d\u00f6tt t\u00e1mogat\u00e1s \u00f6sszege: <\/em><\/strong><em>49 254 842Ft<\/em><\/p>\n\n\n\n<p><strong><em>Projekt tartalm\u00e1nak r\u00e9szletes bemutat\u00e1sa:<\/em><\/strong><\/p>\n\n\n\n<p><em>A \u201eKKV-k innov\u00e1ci\u00f3s k\u00e9pess\u00e9g\u00e9nek t\u00e1mogat\u00e1sa\u201d c\u00edm\u0171 p\u00e1ly\u00e1zati felh\u00edv\u00e1s keret\u00e9ben elnyert t\u00e1mogat\u00e1ssal a Sofa Faipari Fafeldolgoz\u00f3 Kft. c\u00e9lja a termel\u00e9si \u00e9s marketing folyamatok korszer\u0171s\u00edt\u00e9se, hat\u00e9konys\u00e1guk n\u00f6vel\u00e9se, a munkaterhel\u00e9s cs\u00f6kkent\u00e9se \u00e9s az \u00fcgyf\u00e9l\u00e9lm\u00e9ny jav\u00edt\u00e1sa.<\/em><\/p>\n\n\n\n<p><em>Termel\u00e9si, gy\u00e1rt\u00e1si folyamat innov\u00e1ci\u00f3k:<\/em><\/p>\n\n\n\n<p><em>Stringer raklapok gy\u00e1rt\u00e1si folyamat\u00e1nak fejleszt\u00e9se: Jelenleg a raklapok talp\u00e1nak mar\u00e1sa \u00e9s jel\u00f6l\u00e9se manu\u00e1lisan t\u00f6rt\u00e9nik, ami jelent\u0151s fizikai terhel\u00e9ssel \u00e9s alacsony hat\u00e9konys\u00e1ggal j\u00e1r. Az \u00faj rendszerben egy korszer\u0171 mar\u00f3g\u00e9pet \u00e9s automatikus jel\u00f6l\u0151g\u00e9pet vezetnek be, amelyek egyszer\u0171s\u00edtik \u00e9s gyors\u00edtj\u00e1k a gy\u00e1rt\u00e1st, valamint cs\u00f6kkentik a munkav\u00e1llal\u00f3k fizikai megterhel\u00e9s\u00e9t. Ezzel a heti kapacit\u00e1s n\u00e9gyszeres\u00e9re n\u0151, \u00e9s cs\u00f6kken a balesetvesz\u00e9ly.<\/em><\/p>\n\n\n\n<p><em>Kaz\u00e1nt\u00f6lt\u00e9si folyamat automatiz\u00e1l\u00e1sa: Jelenleg a kaz\u00e1n f\u0171t\u0151anyag\u00e1nak k\u00e9zi felt\u00f6lt\u00e9se id\u0151ig\u00e9nyes \u00e9s fizikailag megterhel\u0151. Az \u00faj teleszk\u00f3pos emel\u0151g\u00e9ppel h\u00e1romnapos kapacit\u00e1sra b\u0151v\u00edtik a f\u0171t\u0151anyag t\u00e1rol\u00e1s\u00e1t, ami jelent\u0151s munkaid\u0151-megtakar\u00edt\u00e1st \u00e9s biztons\u00e1gosabb m\u0171k\u00f6d\u00e9st eredm\u00e9nyez.<\/em><\/p>\n\n\n\n<p><em>Sz\u00e1r\u00edt\u00e1si \u00e9s h\u0151kezel\u00e9si folyamatok korszer\u0171s\u00edt\u00e9se: Az \u00faj rendszer optimaliz\u00e1lt h\u0151kezel\u00e9st \u00e9s sz\u00e1r\u00edt\u00e1st tesz lehet\u0151v\u00e9, amellyel gyorsabban \u00e9s gazdas\u00e1gosabban \u00e9rik el a k\u00edv\u00e1nt nedvess\u00e9gtartalmat. A moderniz\u00e1lt h\u0151kezel\u00e9si folyamat az exportk\u00f6vetelm\u00e9nyeknek megfelel\u0151en 56 Celsius-fokos kezel\u00e9st biztos\u00edt az EU-n k\u00edv\u00fcli piacokra sz\u00e1nt raklapok sz\u00e1m\u00e1ra. Az innov\u00e1ci\u00f3val n\u0151 az energiahat\u00e9konys\u00e1g \u00e9s cs\u00f6kkennek az \u00fczemeltet\u00e9si k\u00f6lts\u00e9gek.<\/em><\/p>\n\n\n\n<p><em>Marketing innov\u00e1ci\u00f3k:<\/em><\/p>\n\n\n\n<p><em>Weboldal moderniz\u00e1l\u00e1sa \u00e9s \u00faj funkci\u00f3k bevezet\u00e9se: Az \u00faj honlap diz\u00e1jnja korszer\u0171, reszponz\u00edv lesz, ami n\u00f6veli a l\u00e1togat\u00f3i \u00e9lm\u00e9nyt \u00e9s seg\u00edti az \u00fcgyfelek jobb kiszolg\u00e1l\u00e1s\u00e1t. A weboldalon r\u00e9szletes term\u00e9kinform\u00e1ci\u00f3k, specifik\u00e1ci\u00f3k \u00e9s egy \u00e1raj\u00e1nlatk\u00e9r\u00e9si rendszer is helyet kap.<\/em><\/p>\n\n\n\n<p><em>SEO \u00e9s online jelenl\u00e9t fejleszt\u00e9se: A honlapot keres\u0151motor-optimaliz\u00e1l\u00e1ssal l\u00e1tj\u00e1k el, p\u00e9ld\u00e1ul kulcsszavak \u00e9s meta le\u00edr\u00e1sok be\u00e1ll\u00edt\u00e1s\u00e1val, ami n\u00f6veli a v\u00e1llalat online l\u00e1that\u00f3s\u00e1g\u00e1t.<\/em><\/p>\n\n\n\n<p><em>Automatikus visszaigazol\u00e1si \u00e9s nyomon k\u00f6vet\u00e9si rendszer: Az \u00e1raj\u00e1nlatk\u00e9r\u00e9sek \u00e9s rendel\u00e9sek ut\u00e1n automatikus visszaigazol\u00e1s \u00e9rkezik az \u00fcgyfelek sz\u00e1m\u00e1ra, amely tartalmazza az aj\u00e1nlat st\u00e1tusz\u00e1t \u00e9s a rendel\u00e9s nyomon k\u00f6vet\u00e9si inform\u00e1ci\u00f3it.<\/em><\/p>\n\n\n\n<p><strong><em>Projekt tervezett befejez\u00e9si d\u00e1tuma: <\/em><\/strong><em>2026.09.30.<\/em><\/p>\n<\/div>\n<\/div>\n<\/div>\n\n\n\n<div class=\"wp-block-group alignfull has-global-padding is-content-justification-center is-layout-constrained wp-block-group-is-layout-constrained\" style=\"margin-top:0;margin-bottom:0\">\n<div style=\"height:var(--wp--preset--spacing--20)\" aria-hidden=\"true\" class=\"wp-block-spacer\"><\/div>\n\n\n\n<div style=\"height:var(--wp--preset--spacing--20)\" aria-hidden=\"true\" class=\"wp-block-spacer\"><\/div>\n<\/div>","protected":false},"excerpt":{"rendered":"<p>Kedvezm\u00e9nyezett neve:Sofa Faipari Fafeldolgoz\u00f3 Korl\u00e1tolt Felel\u0151ss\u00e9g\u0171 T\u00e1rsas\u00e1g Projekt c\u00e9lja:\u00dczleti folyamatok innov\u00e1ci\u00f3s fejleszt\u00e9se a Sofa Faipari Kft-n\u00e9l. Projektazonos\u00edt\u00f3: GINOP_PLUSZ-2.1.3-24-2024-00165 Szerz\u0151d\u00f6tt t\u00e1mogat\u00e1s \u00f6sszege: 49 254 842Ft Projekt tartalm\u00e1nak r\u00e9szletes bemutat\u00e1sa: A \u201eKKV-k innov\u00e1ci\u00f3s k\u00e9pess\u00e9g\u00e9nek t\u00e1mogat\u00e1sa\u201d c\u00edm\u0171 p\u00e1ly\u00e1zati felh\u00edv\u00e1s keret\u00e9ben elnyert t\u00e1mogat\u00e1ssal a Sofa Faipari Fafeldolgoz\u00f3 Kft. c\u00e9lja a termel\u00e9si \u00e9s marketing folyamatok korszer\u0171s\u00edt\u00e9se, hat\u00e9konys\u00e1guk n\u00f6vel\u00e9se, a munkaterhel\u00e9s [&hellip;]<\/p>","protected":false},"author":1,"featured_media":0,"parent":0,"menu_order":0,"comment_status":"closed","ping_status":"closed","template":"","meta":{"footnotes":""},"class_list":["post-130","page","type-page","status-publish","hentry"],"_links":{"self":[{"href":"https:\/\/sofakft.hu\/en\/wp-json\/wp\/v2\/pages\/130","targetHints":{"allow":["GET"]}}],"collection":[{"href":"https:\/\/sofakft.hu\/en\/wp-json\/wp\/v2\/pages"}],"about":[{"href":"https:\/\/sofakft.hu\/en\/wp-json\/wp\/v2\/types\/page"}],"author":[{"embeddable":true,"href":"https:\/\/sofakft.hu\/en\/wp-json\/wp\/v2\/users\/1"}],"replies":[{"embeddable":true,"href":"https:\/\/sofakft.hu\/en\/wp-json\/wp\/v2\/comments?post=130"}],"version-history":[{"count":3,"href":"https:\/\/sofakft.hu\/en\/wp-json\/wp\/v2\/pages\/130\/revisions"}],"predecessor-version":[{"id":285,"href":"https:\/\/sofakft.hu\/en\/wp-json\/wp\/v2\/pages\/130\/revisions\/285"}],"wp:attachment":[{"href":"https:\/\/sofakft.hu\/en\/wp-json\/wp\/v2\/media?parent=130"}],"curies":[{"name":"wp","href":"https:\/\/api.w.org\/{rel}","templated":true}]}}