{"id":48,"date":"2025-07-14T15:09:26","date_gmt":"2025-07-14T13:09:26","guid":{"rendered":"https:\/\/sofa.ps.hu\/?page_id=48"},"modified":"2026-01-26T13:32:36","modified_gmt":"2026-01-26T12:32:36","slug":"bemutatkozas","status":"publish","type":"page","link":"https:\/\/sofakft.hu\/en\/bemutatkozas\/","title":{"rendered":"About Us"},"content":{"rendered":"<figure class=\"wp-block-image size-large is-resized\"><a href=\"https:\/\/sofakft.hu\/en\/kapcsolat\/\"><img loading=\"lazy\" decoding=\"async\" width=\"1024\" height=\"340\" src=\"https:\/\/sofakft.hu\/wp-content\/uploads\/2026\/01\/Home-1024x340.png\" alt=\"\" class=\"wp-image-290\" style=\"aspect-ratio:3.0118737329858094;width:1300px;height:auto\" srcset=\"https:\/\/sofakft.hu\/wp-content\/uploads\/2026\/01\/Home-1024x340.png 1024w, https:\/\/sofakft.hu\/wp-content\/uploads\/2026\/01\/Home-300x100.png 300w, https:\/\/sofakft.hu\/wp-content\/uploads\/2026\/01\/Home-768x255.png 768w, https:\/\/sofakft.hu\/wp-content\/uploads\/2026\/01\/Home-18x6.png 18w, https:\/\/sofakft.hu\/wp-content\/uploads\/2026\/01\/Home.png 1366w\" sizes=\"auto, (max-width: 1024px) 100vw, 1024px\" \/><\/a><\/figure>\n\n\n\n<div class=\"wp-block-group has-base-background-color has-background has-global-padding is-layout-constrained wp-container-core-group-is-layout-b2082ebc wp-block-group-is-layout-constrained\" style=\"margin-top:0;margin-bottom:0;padding-top:100px;padding-right:20px;padding-bottom:100px;padding-left:20px\">\n<p class=\"has-text-align-left has-highlighted\"><mark style=\"background-color:#fff\" class=\"has-inline-color has-primary-color\">About Us<\/mark><\/p>\n\n\n\n<div class=\"wp-block-group is-vertical is-layout-flex wp-container-core-group-is-layout-04d4ebb4 wp-block-group-is-layout-flex\" style=\"margin-top:0;margin-bottom:0;padding-bottom:60px\">\n<p><\/p>\n\n\n\n<p><em>Before its official establishment in August 2012, Sofa Faipari Kft. operated as a family business from 1997. In the early years, the company was engaged in timber harvesting, and later had the opportunity to purchase a site on the outskirts of Tata, where the production of sawn timber could begin.<\/em><\/p>\n\n\n\n<p><em>The company\u2019s main activity is the production of pallets and other wooden packaging materials.<\/em><\/p>\n\n\n\n<p><em>Thanks to continuous technological development, it is now possible to produce these materials from logs directly on-site.<\/em><\/p>\n\n\n\n<p><em>With customer needs in mind, we manufacture both standard and custom sizes.<\/em><\/p>\n\n\n\n<p><em>Upon request, we perform wood heat treatment in accordance with ISPM 15 regulations.<\/em><\/p>\n\n\n\n<p><em>In addition to production, we also deal with the sale of used pallets.<\/em><\/p>\n\n\n\n<p><em>By-products generated during the production process are processed in two ways: they are either shredded with a chipper or turned into briquettes using a drying and pressing machine.<\/em><\/p>\n<\/div>\n\n\n\n<div class=\"wp-block-group is-layout-grid wp-container-core-group-is-layout-2994b392 wp-block-group-is-layout-grid\">\n<div class=\"wp-block-group has-white-background-color has-background has-global-padding is-layout-constrained wp-container-core-group-is-layout-d8a87e06 wp-block-group-is-layout-constrained\" style=\"border-radius:10px;padding-top:var(--wp--preset--spacing--30);padding-right:var(--wp--preset--spacing--20);padding-bottom:var(--wp--preset--spacing--30);padding-left:var(--wp--preset--spacing--20)\">\n<figure class=\"wp-block-image size-full is-resized\"><img loading=\"lazy\" decoding=\"async\" width=\"494\" height=\"278\" src=\"https:\/\/sofakft.hu\/wp-content\/uploads\/2025\/07\/20170714_152127.jpg\" alt=\"\" class=\"wp-image-62\" style=\"width:61px;height:auto\" srcset=\"https:\/\/sofakft.hu\/wp-content\/uploads\/2025\/07\/20170714_152127.jpg 494w, https:\/\/sofakft.hu\/wp-content\/uploads\/2025\/07\/20170714_152127-300x169.jpg 300w\" sizes=\"auto, (max-width: 494px) 100vw, 494px\" \/><\/figure>\n\n\n\n<h3 class=\"wp-block-heading has-text-align-left has-mdm-large-font-size\" style=\"margin-top:1.5rem;line-height:1.2\"><strong><em>Pallet<\/em><\/strong><\/h3>\n\n\n\n<p class=\"has-text-align-left\"><em>Manufactured in series and manufacture of specific sizes<\/em><\/p>\n\n\n\n<p class=\"has-text-align-left has-primary-color has-text-color has-link-color wp-elements-01b135b4e8072adc20dee7702cee65cd\"><\/p>\n<\/div>\n\n\n\n<div class=\"wp-block-group has-white-background-color has-background has-global-padding is-layout-constrained wp-container-core-group-is-layout-d8a87e06 wp-block-group-is-layout-constrained\" style=\"border-radius:10px;padding-top:var(--wp--preset--spacing--30);padding-right:var(--wp--preset--spacing--20);padding-bottom:var(--wp--preset--spacing--30);padding-left:var(--wp--preset--spacing--20)\">\n<figure class=\"wp-block-image size-full is-resized\"><img loading=\"lazy\" decoding=\"async\" width=\"487\" height=\"274\" src=\"https:\/\/sofakft.hu\/wp-content\/uploads\/2025\/07\/20170713_140709.jpg\" alt=\"\" class=\"wp-image-63\" style=\"width:61px;height:auto\" srcset=\"https:\/\/sofakft.hu\/wp-content\/uploads\/2025\/07\/20170713_140709.jpg 487w, https:\/\/sofakft.hu\/wp-content\/uploads\/2025\/07\/20170713_140709-300x169.jpg 300w\" sizes=\"auto, (max-width: 487px) 100vw, 487px\" \/><\/figure>\n\n\n\n<h3 class=\"wp-block-heading has-text-align-left has-mdm-large-font-size\" style=\"margin-top:1.5rem;line-height:1.2\"><strong><em>Wood chips<\/em><\/strong><\/h3>\n\n\n\n<p class=\"has-text-align-left\"><em>Wood chips for mulching, weed control, and soil temperature and moisture control<\/em><\/p>\n\n\n\n<p class=\"has-text-align-left has-primary-color has-text-color has-link-color wp-elements-01b135b4e8072adc20dee7702cee65cd\"><\/p>\n<\/div>\n\n\n\n<div class=\"wp-block-group has-white-background-color has-background has-global-padding is-layout-constrained wp-container-core-group-is-layout-d8a87e06 wp-block-group-is-layout-constrained\" style=\"border-radius:10px;padding-top:var(--wp--preset--spacing--30);padding-right:var(--wp--preset--spacing--20);padding-bottom:var(--wp--preset--spacing--30);padding-left:var(--wp--preset--spacing--20)\">\n<figure class=\"wp-block-image size-full is-resized\"><img loading=\"lazy\" decoding=\"async\" width=\"808\" height=\"455\" src=\"https:\/\/sofakft.hu\/wp-content\/uploads\/2025\/07\/20170802_122117.jpg\" alt=\"\" class=\"wp-image-77\" style=\"width:61px;height:auto\" srcset=\"https:\/\/sofakft.hu\/wp-content\/uploads\/2025\/07\/20170802_122117.jpg 808w, https:\/\/sofakft.hu\/wp-content\/uploads\/2025\/07\/20170802_122117-300x169.jpg 300w, https:\/\/sofakft.hu\/wp-content\/uploads\/2025\/07\/20170802_122117-768x432.jpg 768w\" sizes=\"auto, (max-width: 808px) 100vw, 808px\" \/><\/figure>\n\n\n\n<h3 class=\"wp-block-heading has-text-align-left has-mdm-large-font-size\" style=\"margin-top:1.5rem;line-height:1.2\"><strong><em>Bio wood briquettes<\/em><\/strong><\/h3>\n\n\n\n<p class=\"has-text-align-left\"><em>Can be fired in all solid fuel burning equipment<\/em><\/p>\n\n\n\n<p class=\"has-text-align-left has-primary-color has-text-color has-link-color wp-elements-01b135b4e8072adc20dee7702cee65cd\"><\/p>\n<\/div>\n\n\n\n<div class=\"wp-block-group has-white-background-color has-background has-global-padding is-layout-constrained wp-container-core-group-is-layout-d8a87e06 wp-block-group-is-layout-constrained\" style=\"border-radius:10px;padding-top:var(--wp--preset--spacing--30);padding-right:var(--wp--preset--spacing--20);padding-bottom:var(--wp--preset--spacing--30);padding-left:var(--wp--preset--spacing--20)\">\n<figure class=\"wp-block-image size-full is-resized\"><img loading=\"lazy\" decoding=\"async\" width=\"808\" height=\"455\" src=\"https:\/\/sofakft.hu\/wp-content\/uploads\/2025\/07\/20170706_144437.jpg\" alt=\"\" class=\"wp-image-74\" style=\"width:61px;height:auto\" srcset=\"https:\/\/sofakft.hu\/wp-content\/uploads\/2025\/07\/20170706_144437.jpg 808w, https:\/\/sofakft.hu\/wp-content\/uploads\/2025\/07\/20170706_144437-300x169.jpg 300w, https:\/\/sofakft.hu\/wp-content\/uploads\/2025\/07\/20170706_144437-768x432.jpg 768w\" sizes=\"auto, (max-width: 808px) 100vw, 808px\" \/><\/figure>\n\n\n\n<h3 class=\"wp-block-heading has-text-align-left has-mdm-large-font-size\" style=\"margin-top:1.5rem;line-height:1.2\"><strong><em>Planned lumber<\/em><\/strong><\/h3>\n\n\n\n<p class=\"has-text-align-left\"><\/p>\n\n\n\n<p class=\"has-text-align-left has-primary-color has-text-color has-link-color wp-elements-01b135b4e8072adc20dee7702cee65cd\"><\/p>\n<\/div>\n<\/div>\n<\/div>","protected":false},"excerpt":{"rendered":"<p>Bemutatkoz\u00e1s A Sofa Faipari Kft. 2012 augusztusi megalakul\u00e1sa el\u0151tt, 1997-t\u0151l csal\u00e1di v\u00e1llalkoz\u00e1sk\u00e9nt m\u0171k\u00f6d\u00f6tt. Kezdetekkor fakitermel\u00e9ssel foglalkozott, majd lehet\u0151s\u00e9g ny\u00edlt telephely v\u00e1s\u00e1rl\u00e1s\u00e1ra Tata k\u00fclter\u00fclet\u00e9n, ahol megkezd\u0151dhetett a f\u0171r\u00e9sz\u00e1ru gy\u00e1rt\u00e1sa. A c\u00e9g f\u0151 tev\u00e9kenys\u00e9ge a raklap \u00e9s egy\u00e9b &nbsp;fa csomagol\u00f3 anyagok gy\u00e1rt\u00e1sa. A folyamatos technol\u00f3giai fejleszt\u00e9seknek k\u00f6sz\u00f6nhet\u0151en lehet\u0151s\u00e9g van ennek r\u00f6nkf\u00e1b\u00f3l telephelyen bel\u00fcl t\u00f6rt\u00e9n\u0151 el\u0151\u00e1ll\u00edt\u00e1s\u00e1ra. Vev\u0151i ig\u00e9nyeket [&hellip;]<\/p>","protected":false},"author":1,"featured_media":0,"parent":0,"menu_order":0,"comment_status":"closed","ping_status":"closed","template":"","meta":{"footnotes":""},"class_list":["post-48","page","type-page","status-publish","hentry"],"_links":{"self":[{"href":"https:\/\/sofakft.hu\/en\/wp-json\/wp\/v2\/pages\/48","targetHints":{"allow":["GET"]}}],"collection":[{"href":"https:\/\/sofakft.hu\/en\/wp-json\/wp\/v2\/pages"}],"about":[{"href":"https:\/\/sofakft.hu\/en\/wp-json\/wp\/v2\/types\/page"}],"author":[{"embeddable":true,"href":"https:\/\/sofakft.hu\/en\/wp-json\/wp\/v2\/users\/1"}],"replies":[{"embeddable":true,"href":"https:\/\/sofakft.hu\/en\/wp-json\/wp\/v2\/comments?post=48"}],"version-history":[{"count":5,"href":"https:\/\/sofakft.hu\/en\/wp-json\/wp\/v2\/pages\/48\/revisions"}],"predecessor-version":[{"id":292,"href":"https:\/\/sofakft.hu\/en\/wp-json\/wp\/v2\/pages\/48\/revisions\/292"}],"wp:attachment":[{"href":"https:\/\/sofakft.hu\/en\/wp-json\/wp\/v2\/media?parent=48"}],"curies":[{"name":"wp","href":"https:\/\/api.w.org\/{rel}","templated":true}]}}