{"id":56,"date":"2025-07-14T15:30:26","date_gmt":"2025-07-14T13:30:26","guid":{"rendered":"https:\/\/sofa.ps.hu\/?page_id=56"},"modified":"2025-07-14T15:30:26","modified_gmt":"2025-07-14T13:30:26","slug":"iso-minosegpolitika","status":"publish","type":"page","link":"https:\/\/sofakft.hu\/en\/iso-minosegpolitika\/","title":{"rendered":"ISO &#8211; MIN\u0150S\u00c9GPOLITIKA"},"content":{"rendered":"<div class=\"wp-block-group has-tertiary-background-color has-background has-global-padding is-layout-constrained wp-container-core-group-is-layout-d672886d wp-block-group-is-layout-constrained\" style=\"margin-top:0;margin-bottom:0;padding-top:var(--wp--preset--spacing--50);padding-right:20px;padding-bottom:var(--wp--preset--spacing--50);padding-left:20px\">\n<div class=\"wp-block-group has-global-padding is-layout-constrained wp-block-group-is-layout-constrained\">\n<div class=\"wp-block-columns is-layout-flex wp-container-core-columns-is-layout-7b1dceec wp-block-columns-is-layout-flex\">\n<div class=\"wp-block-column is-layout-flow wp-block-column-is-layout-flow\">\n<div class=\"wp-block-cover is-light hoverImageWrapper\" style=\"border-radius:10px;min-height:650px;aspect-ratio:unset;\"><img loading=\"lazy\" decoding=\"async\" width=\"725\" height=\"1024\" class=\"wp-block-cover__image-background wp-image-57 size-large\" alt=\"\" src=\"https:\/\/sofakft.hu\/wp-content\/uploads\/2025\/07\/ISO-2022_Tanusitvany_Sofa-Faipari-Kft-725x1024.jpg\" data-object-fit=\"cover\" srcset=\"https:\/\/sofakft.hu\/wp-content\/uploads\/2025\/07\/ISO-2022_Tanusitvany_Sofa-Faipari-Kft-725x1024.jpg 725w, https:\/\/sofakft.hu\/wp-content\/uploads\/2025\/07\/ISO-2022_Tanusitvany_Sofa-Faipari-Kft-212x300.jpg 212w, https:\/\/sofakft.hu\/wp-content\/uploads\/2025\/07\/ISO-2022_Tanusitvany_Sofa-Faipari-Kft-768x1085.jpg 768w, https:\/\/sofakft.hu\/wp-content\/uploads\/2025\/07\/ISO-2022_Tanusitvany_Sofa-Faipari-Kft.jpg 780w\" sizes=\"auto, (max-width: 725px) 100vw, 725px\" \/><span aria-hidden=\"true\" class=\"wp-block-cover__background has-background-dim-0 has-background-dim\" style=\"background-color:#564e4f\"><\/span><div class=\"wp-block-cover__inner-container has-global-padding is-layout-constrained wp-block-cover-is-layout-constrained\">\n<p class=\"has-text-align-center has-large-font-size\"><\/p>\n<\/div><\/div>\n<\/div>\n\n\n\n<div class=\"wp-block-column is-vertically-aligned-center is-layout-flow wp-container-core-column-is-layout-f5bb311e wp-block-column-is-layout-flow\">\n<p><em>We believe that our activities help to protect the environment, as the wood we use is a renewable and environmentally friendly raw material from sustainable production.<\/em><em>.<\/em><em>.<\/em><\/p>\n\n\n\n<p><em>A significant number of companies have packaging requirements from many sectors (manufacturing, trade, construction, etc.) and can use this wood-based solutions to make this activity environmentally friendly.<\/em><em>.<\/em><em>.<\/em><em>.<\/em><em>.<\/em><\/p>\n\n\n\n<p><em>Sofa Faipari Kft. only contacts suppliers who meet the quality, warranty and delivery requirements of the company and its customers.<\/em><em>.<\/em><em>.<\/em><em>.<\/em><em>.<\/em><\/p>\n\n\n\n<p><em>We believe that in addition to technological development, human resources are an important factor in our activities. Therefore, one of the key elements of the quality policy is the selection, training and further training of colleagues. The quality of services provided by the company is also based on the individual responsibility of all employees who have a direct or indirect relationship with customers. The head of the company is responsible for the commitment of the employees to quality, the implementation and development of the quality policy.<\/em><em>.<\/em><em> .<\/em><em>.<\/em><em>.<\/em><em>.<\/em><em>.<\/em><em>.<\/em><em>.<\/em><em>.<\/em><em>.<\/em><em>.<\/em><em>.<\/em><em>.<\/em><em>.<\/em><em>.<\/em><em>.<\/em><em>.<\/em><em>.<\/em><em>.<\/em><em>.<\/em><\/p>\n\n\n\n<p><em>We consider it necessary to systematically monitor the operation of the company. This is facilitated by the already implemented IT system (ERP), with the use of which we continuously improve our processes and procedures in order to be able to meet the needs of our customers at the highest possible level.<\/em><em>.<\/em><em>.<\/em><em>.<\/em><em>.<\/em><\/p>\n<\/div>\n<\/div>\n<\/div>\n<\/div>","protected":false},"excerpt":{"rendered":"<p>Hisz\u00fcnk benne, hogy tev\u00e9kenys\u00e9g\u00fcnkkel seg\u00edt\u00fcnk v\u00e9deni a k\u00f6rnyezetet, hiszen az \u00e1ltalunk alkalmazott fa fenntarthat\u00f3 termel\u00e9sb\u0151l sz\u00e1rmaz\u00f3, meg\u00fajul\u00f3 \u00e9s k\u00f6rnyezetbar\u00e1t alapanyag. A v\u00e1llalatok jelent\u0151s r\u00e9sze, sz\u00e1mos \u00e1gazatb\u00f3l (feldolgoz\u00f3ipar, kereskedelem, \u00e9p\u00edt\u0151ipar, stb.) rendelkezik csomagol\u00e1si k\u00f6vetelm\u00e9nyekkel, \u00e9s erre a c\u00e9lra az \u00e1ltalunk k\u00edn\u00e1lt fa alapanyag\u00fa megold\u00e1sokat haszn\u00e1lva k\u00f6rnyezetbar\u00e1tt\u00e1 teheti ezen tev\u00e9kenys\u00e9g\u00e9t. A Sofa Faipari Kft. kiz\u00e1r\u00f3lag olyan besz\u00e1ll\u00edt\u00f3kkal [&hellip;]<\/p>","protected":false},"author":1,"featured_media":0,"parent":0,"menu_order":0,"comment_status":"closed","ping_status":"closed","template":"","meta":{"footnotes":""},"class_list":["post-56","page","type-page","status-publish","hentry"],"_links":{"self":[{"href":"https:\/\/sofakft.hu\/en\/wp-json\/wp\/v2\/pages\/56","targetHints":{"allow":["GET"]}}],"collection":[{"href":"https:\/\/sofakft.hu\/en\/wp-json\/wp\/v2\/pages"}],"about":[{"href":"https:\/\/sofakft.hu\/en\/wp-json\/wp\/v2\/types\/page"}],"author":[{"embeddable":true,"href":"https:\/\/sofakft.hu\/en\/wp-json\/wp\/v2\/users\/1"}],"replies":[{"embeddable":true,"href":"https:\/\/sofakft.hu\/en\/wp-json\/wp\/v2\/comments?post=56"}],"version-history":[{"count":1,"href":"https:\/\/sofakft.hu\/en\/wp-json\/wp\/v2\/pages\/56\/revisions"}],"predecessor-version":[{"id":58,"href":"https:\/\/sofakft.hu\/en\/wp-json\/wp\/v2\/pages\/56\/revisions\/58"}],"wp:attachment":[{"href":"https:\/\/sofakft.hu\/en\/wp-json\/wp\/v2\/media?parent=56"}],"curies":[{"name":"wp","href":"https:\/\/api.w.org\/{rel}","templated":true}]}}