{"id":61,"date":"2025-07-14T15:36:23","date_gmt":"2025-07-14T13:36:23","guid":{"rendered":"https:\/\/sofa.ps.hu\/?page_id=61"},"modified":"2025-07-17T08:50:41","modified_gmt":"2025-07-17T06:50:41","slug":"termekeink","status":"publish","type":"page","link":"https:\/\/sofakft.hu\/en\/termekeink\/","title":{"rendered":"Products"},"content":{"rendered":"<div class=\"wp-block-group has-global-padding is-layout-constrained wp-container-core-group-is-layout-b2082ebc wp-block-group-is-layout-constrained\" style=\"margin-top:0;margin-bottom:0;padding-top:100px;padding-right:20px;padding-bottom:100px;padding-left:20px\">\n<div class=\"wp-block-group is-layout-grid wp-container-core-group-is-layout-37541899 wp-block-group-is-layout-grid\">\n<div class=\"wp-block-group has-base-background-color has-background is-layout-flex wp-block-group-is-layout-flex\" style=\"border-radius:10px;padding-top:var(--wp--preset--spacing--30);padding-right:var(--wp--preset--spacing--30);padding-bottom:var(--wp--preset--spacing--30);padding-left:var(--wp--preset--spacing--30)\">\n<div class=\"wp-block-group has-global-padding is-layout-constrained wp-container-core-group-is-layout-55be18d4 wp-block-group-is-layout-constrained\" style=\"border-left-color:#a6a6a6;border-left-width:5px;margin-top:0;padding-left:15px\">\n<p class=\"has-text-align-center has-mdm-large-font-size\" style=\"font-style:normal;font-weight:600\"><strong><em>Pallet<\/em><\/strong><\/p>\n<\/div>\n\n\n\n<figure class=\"wp-block-image size-full is-resized\"><img loading=\"lazy\" decoding=\"async\" width=\"494\" height=\"278\" src=\"https:\/\/sofakft.hu\/wp-content\/uploads\/2025\/07\/20170714_152127.jpg\" alt=\"\" class=\"wp-image-62\" style=\"width:329px;height:auto\" srcset=\"https:\/\/sofakft.hu\/wp-content\/uploads\/2025\/07\/20170714_152127.jpg 494w, https:\/\/sofakft.hu\/wp-content\/uploads\/2025\/07\/20170714_152127-300x169.jpg 300w\" sizes=\"auto, (max-width: 494px) 100vw, 494px\" \/><\/figure>\n<\/div>\n\n\n\n<div class=\"wp-block-group has-base-background-color has-background is-layout-flex wp-block-group-is-layout-flex\" style=\"border-radius:10px;padding-top:var(--wp--preset--spacing--30);padding-right:var(--wp--preset--spacing--30);padding-bottom:var(--wp--preset--spacing--30);padding-left:var(--wp--preset--spacing--30)\">\n<div class=\"wp-block-group has-global-padding is-layout-constrained wp-container-core-group-is-layout-55be18d4 wp-block-group-is-layout-constrained\" style=\"border-left-color:#a6a6a6;border-left-width:5px;margin-top:0;padding-left:15px\">\n<p class=\"has-text-align-center has-mdm-large-font-size\" style=\"font-style:normal;font-weight:600\"><strong><em><strong><em>Wood chips<\/em><\/strong><\/em><\/strong><\/p>\n<\/div>\n\n\n\n<figure class=\"wp-block-image size-full is-resized\"><img loading=\"lazy\" decoding=\"async\" width=\"487\" height=\"274\" src=\"https:\/\/sofakft.hu\/wp-content\/uploads\/2025\/07\/20170713_140709.jpg\" alt=\"\" class=\"wp-image-63\" style=\"width:329px;height:auto\" srcset=\"https:\/\/sofakft.hu\/wp-content\/uploads\/2025\/07\/20170713_140709.jpg 487w, https:\/\/sofakft.hu\/wp-content\/uploads\/2025\/07\/20170713_140709-300x169.jpg 300w\" sizes=\"auto, (max-width: 487px) 100vw, 487px\" \/><\/figure>\n<\/div>\n\n\n\n<div class=\"wp-block-group has-base-background-color has-background is-layout-flex wp-block-group-is-layout-flex\" style=\"border-radius:10px;padding-top:var(--wp--preset--spacing--30);padding-right:var(--wp--preset--spacing--30);padding-bottom:var(--wp--preset--spacing--30);padding-left:var(--wp--preset--spacing--30)\">\n<div class=\"wp-block-group has-global-padding is-layout-constrained wp-container-core-group-is-layout-55be18d4 wp-block-group-is-layout-constrained\" style=\"border-left-color:#a6a6a6;border-left-width:5px;margin-top:0;padding-left:15px\">\n<p class=\"has-text-align-center has-mdm-large-font-size\" style=\"font-style:normal;font-weight:600\"><strong><em><strong><em>Wood chips<\/em><\/strong><\/em><\/strong><\/p>\n<\/div>\n\n\n\n<figure class=\"wp-block-image size-full is-resized\"><img loading=\"lazy\" decoding=\"async\" width=\"487\" height=\"274\" src=\"https:\/\/sofakft.hu\/wp-content\/uploads\/2025\/07\/20170713_140709.jpg\" alt=\"\" class=\"wp-image-63\" style=\"width:329px;height:auto\" srcset=\"https:\/\/sofakft.hu\/wp-content\/uploads\/2025\/07\/20170713_140709.jpg 487w, https:\/\/sofakft.hu\/wp-content\/uploads\/2025\/07\/20170713_140709-300x169.jpg 300w\" sizes=\"auto, (max-width: 487px) 100vw, 487px\" \/><\/figure>\n<\/div>\n\n\n\n<div class=\"wp-block-group has-base-background-color has-background is-layout-flex wp-block-group-is-layout-flex\" style=\"border-radius:10px;padding-top:var(--wp--preset--spacing--30);padding-right:var(--wp--preset--spacing--30);padding-bottom:var(--wp--preset--spacing--30);padding-left:var(--wp--preset--spacing--30)\">\n<div class=\"wp-block-group has-global-padding is-layout-constrained wp-container-core-group-is-layout-55be18d4 wp-block-group-is-layout-constrained\" style=\"border-left-color:#a6a6a6;border-left-width:5px;margin-top:0;padding-left:15px\">\n<p class=\"has-text-align-center has-mdm-large-font-size\" style=\"font-style:normal;font-weight:600\"><strong><em><strong><em>Planned lumber<\/em><\/strong><\/em><\/strong><\/p>\n<\/div>\n\n\n\n<figure class=\"wp-block-image size-full is-resized\"><img loading=\"lazy\" decoding=\"async\" width=\"808\" height=\"455\" src=\"https:\/\/sofakft.hu\/wp-content\/uploads\/2025\/07\/20170706_144437.jpg\" alt=\"\" class=\"wp-image-74\" style=\"width:329px;height:auto\" srcset=\"https:\/\/sofakft.hu\/wp-content\/uploads\/2025\/07\/20170706_144437.jpg 808w, https:\/\/sofakft.hu\/wp-content\/uploads\/2025\/07\/20170706_144437-300x169.jpg 300w, https:\/\/sofakft.hu\/wp-content\/uploads\/2025\/07\/20170706_144437-768x432.jpg 768w\" sizes=\"auto, (max-width: 808px) 100vw, 808px\" \/><\/figure>\n<\/div>\n<\/div>\n\n\n\n<div class=\"wp-block-group is-layout-grid wp-container-core-group-is-layout-37541899 wp-block-group-is-layout-grid\"><\/div>\n<\/div>","protected":false},"excerpt":{"rendered":"<p>Raklap Apr\u00edt\u00e9k Apr\u00edt\u00e9k Gyalult faanyag<\/p>","protected":false},"author":1,"featured_media":0,"parent":0,"menu_order":0,"comment_status":"closed","ping_status":"closed","template":"","meta":{"footnotes":""},"class_list":["post-61","page","type-page","status-publish","hentry"],"_links":{"self":[{"href":"https:\/\/sofakft.hu\/en\/wp-json\/wp\/v2\/pages\/61","targetHints":{"allow":["GET"]}}],"collection":[{"href":"https:\/\/sofakft.hu\/en\/wp-json\/wp\/v2\/pages"}],"about":[{"href":"https:\/\/sofakft.hu\/en\/wp-json\/wp\/v2\/types\/page"}],"author":[{"embeddable":true,"href":"https:\/\/sofakft.hu\/en\/wp-json\/wp\/v2\/users\/1"}],"replies":[{"embeddable":true,"href":"https:\/\/sofakft.hu\/en\/wp-json\/wp\/v2\/comments?post=61"}],"version-history":[{"count":4,"href":"https:\/\/sofakft.hu\/en\/wp-json\/wp\/v2\/pages\/61\/revisions"}],"predecessor-version":[{"id":200,"href":"https:\/\/sofakft.hu\/en\/wp-json\/wp\/v2\/pages\/61\/revisions\/200"}],"wp:attachment":[{"href":"https:\/\/sofakft.hu\/en\/wp-json\/wp\/v2\/media?parent=61"}],"curies":[{"name":"wp","href":"https:\/\/api.w.org\/{rel}","templated":true}]}}