{"id":84,"date":"2025-07-14T16:02:35","date_gmt":"2025-07-14T14:02:35","guid":{"rendered":"https:\/\/sofa.ps.hu\/?page_id=84"},"modified":"2025-07-14T16:02:35","modified_gmt":"2025-07-14T14:02:35","slug":"ginop-1-2-2-16","status":"publish","type":"page","link":"https:\/\/sofakft.hu\/en\/ginop-1-2-2-16\/","title":{"rendered":"ginop-1.2.2-16"},"content":{"rendered":"<div class=\"wp-block-group alignfull has-global-padding is-content-justification-center is-layout-constrained wp-block-group-is-layout-constrained\" style=\"margin-top:0;margin-bottom:0\">\n<div style=\"height:var(--wp--preset--spacing--20)\" aria-hidden=\"true\" class=\"wp-block-spacer\"><\/div>\n\n\n\n<div class=\"wp-block-group alignwide is-layout-flow wp-block-group-is-layout-flow\">\n<div class=\"wp-block-columns alignwide are-vertically-aligned-top is-layout-flex wp-container-core-columns-is-layout-5c8fb865 wp-block-columns-is-layout-flex\">\n<div class=\"wp-block-column is-vertically-aligned-top has-global-padding is-content-justification-left is-layout-constrained wp-container-core-column-is-layout-95996b15 wp-block-column-is-layout-constrained\">\n<h2 class=\"wp-block-heading alignfull\"><em><strong>Kedvezm\u00e9nyezett neve:<\/strong><\/em><\/h2>\n\n\n\n<p><em>Sofa Faipari Fafeldolgoz\u00f3 Korl\u00e1tolt Felel\u0151ss\u00e9g\u0171 T\u00e1rsas\u00e1g<\/em><\/p>\n\n\n\n<p><em><strong>Projekt c\u00edme:<\/strong><\/em><\/p>\n\n\n\n<p><em>A Sofa Faipari Kft. eszk\u00f6zparkj\u00e1nak meg\u00faj\u00edt\u00e1sa a termel\u00e9kenys\u00e9g fokoz\u00e1sa \u00e9s a versenyk\u00e9pess\u00e9g megtart\u00e1sa \u00e9rdek\u00e9ben<\/em><\/p>\n\n\n\n<p><em><strong>Szerz\u0151d\u00f6tt t\u00e1mogat\u00e1s \u00f6sszege:<\/strong><\/em><\/p>\n\n\n\n<p><em>15.777.315,- Ft<\/em><\/p>\n\n\n\n<p><em><strong>T\u00e1mogat\u00e1s m\u00e9rt\u00e9ke (%):<\/strong><\/em><\/p>\n\n\n\n<p><em>50%<\/em><\/p>\n\n\n\n<p><em><strong>Projekt azonos\u00edt\u00f3 sz\u00e1ma:<\/strong><\/em><\/p>\n\n\n\n<p><em>GINOP-1.2.2-16-2017-00361<\/em><\/p>\n\n\n\n<p><em><strong>Projekt befejez\u00e9si d\u00e1tuma:<\/strong><\/em><\/p>\n\n\n\n<p><em>2017. 08. 31.<\/em><\/p>\n\n\n\n<p><em><strong>Projekt tartalma:<\/strong><\/em><\/p>\n\n\n\n<ol start=\"1\" class=\"wp-block-list\">\n<li><em>\u00daj eszk\u00f6z, g\u00e9p beszerz\u00e9se \u2013 automata szegez\u0151g\u00e9p \u00a0\u00a0\u00a0\u00a0\u00a0v\u00e1s\u00e1rl\u00e1sa<\/em><\/li>\n\n\n\n<li><em>\u00daj eszk\u00f6z, g\u00e9p beszerz\u00e9se \u2013Holzmann VS20 Pro \u00a0\u00a0\u00a0\u00a0\u00a0n\u00e9gyfejes gyalug\u00e9p v\u00e1s\u00e1rl\u00e1sa<\/em><\/li>\n\n\n\n<li><em>Domain n\u00e9v regisztr\u00e1ci\u00f3 \u00a0&#8211; webt\u00e1rhely \u00e9s<\/em><\/li>\n\n\n\n<li><em>honlapk\u00e9sz\u00edt\u00e9s &#8211; www.sofakft.hu<\/em><\/li>\n<\/ol>\n\n\n\n<p><em>A GINOP-1.2.2-16 Mikro-, kis- \u00e9s k\u00f6z\u00e9pv\u00e1llalkoz\u00e1sok kapacit\u00e1sb\u0151v\u00edt\u0151 beruh\u00e1z\u00e1sainak t\u00e1mogat\u00e1sa c. felh\u00edv\u00e1s\u00e1ra beny\u00fajtott p\u00e1ly\u00e1zati anyagunk kett\u0151 f\u00e9le eszk\u00f6z beszerz\u00e9s\u00e9re ir\u00e1nyult (Automata raklap szegez\u0151 g\u00e9p, N\u00e9gyfejes gyalu ) , tov\u00e1bb\u00e1 a k\u00f6telez\u0151 v\u00e1llal\u00e1sk\u00e9nt honlap k\u00e9sz\u00edt\u00e9s\u00e9re.<\/em><\/p>\n\n\n\n<p><em>Az eszk\u00f6z\u00f6k elhelyez\u00e9s\u00e9hez sz\u00fcks\u00e9gess\u00e9 v\u00e1lt a telephelyen l\u00e9v\u0151 ingatlan fejleszt\u00e9se. A m\u00e1r megl\u00e9v\u0151 \u00e9p\u00fcletek k\u00f6z\u00f6tti ter\u00fcletet \u00f6sszek\u00f6t\u00e9se mellett d\u00f6nt\u00f6tt\u00fcnk, \u00edgy kialak\u00edtva egy 160 nm-es \u00faj m\u0171helyt. K\u00e9sz term\u00e9kek t\u00e1rol\u00e1s\u00e1ra pedig kialak\u00edt\u00e1sra ker\u00fclt agy 140 nm-es fedett sz\u00edn.<\/em><\/p>\n\n\n\n<p><em>Egy cseh gy\u00e1rtm\u00e1ny\u00fa St\u00f6ri Mantel SMPA 500.2 ED automata szegez\u0151g\u00e9pet a gy\u00e1rt\u00f3t\u00f3l rendelt\u00fck meg, s \u0151k biztos\u00edtott\u00e1k a szakembereket a be\u00fczemel\u00e9shez, koll\u00e9g\u00e1ink betan\u00edt\u00e1s\u00e1hoz is. T\u00f6bb, mint egy h\u00f3napja \u00fczemel telephely\u00fcnk\u00f6n a g\u00e9p, b\u00edzunk abban, hogy tov\u00e1bb n\u00f6vekszik termel\u00e9kenys\u00e9g\u00fcnk, \u00edgy versenyk\u00e9pess\u00e9g\u00fcnk is a raklapgy\u00e1rt\u00e1s piac\u00e1n.<\/em><\/p>\n\n\n\n<p><em>A gyalug\u00e9p haszn\u00e1lata nem mindenk\u00e9ppen k\u00f6thet\u0151 a raklapgy\u00e1rt\u00e1shoz, azonban m\u00e1r kor\u00e1bban is felmer\u00fclt eseti ig\u00e9ny, mikor a raklap teherhord\u00f3 felsz\u00edn\u00e9nek sim\u00e1nak kellett lennie. A t\u00edpus kiv\u00e1laszt\u00e1s\u00e1n\u00e1l megfigyelt\u00fck a piac aj\u00e1nlatait \u00e9s d\u00f6nt\u00f6tt\u00fcnk a Holzmann VS20 n\u00e9gyfejes gyalu mellett, mely egy m\u0171veletben a betolt deszka n\u00e9gy oldal\u00e1n dolgozik.<\/em><\/p>\n\n\n\n<p><em>A folyamatosan friss\u00fcl\u0151 honlapunk a vil\u00e1gh\u00e1l\u00f3n val\u00f3 jelenl\u00e9thez elengedhetetlen, \u00edgy a piacon val\u00f3 r\u00e9szv\u00e9telhez sz\u00fcks\u00e9ges, mindenk\u00e9ppen sz\u00e1m\u00edtunk a megn\u00f6vekv\u0151 felkeres\u00e9sekre. Az oldalra l\u00e1togat\u00f3 t\u00e1j\u00e9koztat\u00e1st kap a Sofa Faipari Kft-r\u0151l, term\u00e9kekr\u0151l, el\u00e9rhet\u0151s\u00e9gekr\u0151l, tov\u00e1bb\u00e1 az aj\u00e1nlatk\u00e9r\u0151 fel\u00fcleten elk\u00fcldheti konkr\u00e9t ig\u00e9ny\u00e9t.<\/em><\/p>\n\n\n\n<p><em>A projektben v\u00e9grehajtott fejleszt\u00e9s \u00fajabb nagy es\u00e9ly v\u00e1llalkoz\u00e1sunk \u00e9letben tart\u00e1s\u00e1ra, fejl\u0151d\u00e9s\u00e9re.\u201d<\/em><\/p>\n<\/div>\n<\/div>\n\n\n\n<div style=\"height:var(--wp--preset--spacing--20)\" aria-hidden=\"true\" class=\"wp-block-spacer\"><\/div>\n\n\n\n<figure class=\"wp-block-image size-full\"><img loading=\"lazy\" decoding=\"async\" width=\"798\" height=\"564\" src=\"https:\/\/sofakft.hu\/wp-content\/uploads\/2025\/07\/C-tabla-2020.jpg\" alt=\"\" class=\"wp-image-86\" style=\"aspect-ratio:16\/9;object-fit:cover\" srcset=\"https:\/\/sofakft.hu\/wp-content\/uploads\/2025\/07\/C-tabla-2020.jpg 798w, https:\/\/sofakft.hu\/wp-content\/uploads\/2025\/07\/C-tabla-2020-300x212.jpg 300w, https:\/\/sofakft.hu\/wp-content\/uploads\/2025\/07\/C-tabla-2020-768x543.jpg 768w\" sizes=\"auto, (max-width: 798px) 100vw, 798px\" \/><\/figure>\n<\/div>\n\n\n\n<div style=\"height:var(--wp--preset--spacing--20)\" aria-hidden=\"true\" class=\"wp-block-spacer\"><\/div>\n<\/div>","protected":false},"excerpt":{"rendered":"<p>Kedvezm\u00e9nyezett neve: Sofa Faipari Fafeldolgoz\u00f3 Korl\u00e1tolt Felel\u0151ss\u00e9g\u0171 T\u00e1rsas\u00e1g Projekt c\u00edme: A Sofa Faipari Kft. eszk\u00f6zparkj\u00e1nak meg\u00faj\u00edt\u00e1sa a termel\u00e9kenys\u00e9g fokoz\u00e1sa \u00e9s a versenyk\u00e9pess\u00e9g megtart\u00e1sa \u00e9rdek\u00e9ben Szerz\u0151d\u00f6tt t\u00e1mogat\u00e1s \u00f6sszege: 15.777.315,- Ft T\u00e1mogat\u00e1s m\u00e9rt\u00e9ke (%): 50% Projekt azonos\u00edt\u00f3 sz\u00e1ma: GINOP-1.2.2-16-2017-00361 Projekt befejez\u00e9si d\u00e1tuma: 2017. 08. 31. Projekt tartalma: A GINOP-1.2.2-16 Mikro-, kis- \u00e9s k\u00f6z\u00e9pv\u00e1llalkoz\u00e1sok kapacit\u00e1sb\u0151v\u00edt\u0151 beruh\u00e1z\u00e1sainak t\u00e1mogat\u00e1sa c. [&hellip;]<\/p>","protected":false},"author":1,"featured_media":0,"parent":0,"menu_order":0,"comment_status":"closed","ping_status":"closed","template":"","meta":{"footnotes":""},"class_list":["post-84","page","type-page","status-publish","hentry"],"_links":{"self":[{"href":"https:\/\/sofakft.hu\/en\/wp-json\/wp\/v2\/pages\/84","targetHints":{"allow":["GET"]}}],"collection":[{"href":"https:\/\/sofakft.hu\/en\/wp-json\/wp\/v2\/pages"}],"about":[{"href":"https:\/\/sofakft.hu\/en\/wp-json\/wp\/v2\/types\/page"}],"author":[{"embeddable":true,"href":"https:\/\/sofakft.hu\/en\/wp-json\/wp\/v2\/users\/1"}],"replies":[{"embeddable":true,"href":"https:\/\/sofakft.hu\/en\/wp-json\/wp\/v2\/comments?post=84"}],"version-history":[{"count":2,"href":"https:\/\/sofakft.hu\/en\/wp-json\/wp\/v2\/pages\/84\/revisions"}],"predecessor-version":[{"id":87,"href":"https:\/\/sofakft.hu\/en\/wp-json\/wp\/v2\/pages\/84\/revisions\/87"}],"wp:attachment":[{"href":"https:\/\/sofakft.hu\/en\/wp-json\/wp\/v2\/media?parent=84"}],"curies":[{"name":"wp","href":"https:\/\/api.w.org\/{rel}","templated":true}]}}