{"id":88,"date":"2025-07-14T16:05:41","date_gmt":"2025-07-14T14:05:41","guid":{"rendered":"https:\/\/sofa.ps.hu\/?page_id=88"},"modified":"2025-07-14T16:05:41","modified_gmt":"2025-07-14T14:05:41","slug":"ginop-2-1-8-17","status":"publish","type":"page","link":"https:\/\/sofakft.hu\/en\/ginop-2-1-8-17\/","title":{"rendered":"ginop-2.1.8-17"},"content":{"rendered":"<div class=\"wp-block-group alignfull has-global-padding is-content-justification-center is-layout-constrained wp-block-group-is-layout-constrained\" style=\"margin-top:0;margin-bottom:0\">\n<div style=\"height:var(--wp--preset--spacing--20)\" aria-hidden=\"true\" class=\"wp-block-spacer\"><\/div>\n\n\n\n<div class=\"wp-block-group alignwide is-layout-flow wp-block-group-is-layout-flow\">\n<div class=\"wp-block-columns alignwide are-vertically-aligned-top is-layout-flex wp-container-core-columns-is-layout-5c8fb865 wp-block-columns-is-layout-flex\">\n<div class=\"wp-block-column is-vertically-aligned-top has-global-padding is-content-justification-left is-layout-constrained wp-container-core-column-is-layout-95996b15 wp-block-column-is-layout-constrained\">\n<h2 class=\"wp-block-heading\"><strong><em>Alapadatok<\/em><\/strong><\/h2>\n\n\n\n<p><em><strong>P\u00e1ly\u00e1z\u00f3 neve:<\/strong><\/em><\/p>\n\n\n\n<p><em><\/em><em>Sofa Faipari Fafeldolgoz\u00f3 Korl\u00e1tolt Felel\u0151ss\u00e9g\u0171 T\u00e1rsas\u00e1g<\/em><\/p>\n\n\n\n<p><em><strong>Projekt megnevez\u00e9se:<\/strong><\/em><\/p>\n\n\n\n<p><em><\/em><em>A Sofa Faipari Kft versenyk\u00e9pess\u00e9g\u00e9nek n\u00f6vel\u00e9se adapt\u00edv technol\u00f3giai &nbsp;&nbsp;innov\u00e1ci\u00f3 r\u00e9v\u00e9n<\/em><\/p>\n\n\n\n<p><em><strong>OP n\u00e9v:<\/strong><\/em><\/p>\n\n\n\n<p><em><\/em><em>GINOP<\/em><\/p>\n\n\n\n<p><em><strong>P\u00e1ly\u00e1zati ki\u00edr\u00e1s megnevez\u00e9se:<\/strong><\/em><\/p>\n\n\n\n<p><em><\/em><em>GINOP-2.1.8-17 &#8211; A KKV-k versenyk\u00e9pess\u00e9g\u00e9nek n\u00f6vel\u00e9se adapt\u00edv &nbsp;&nbsp;technol\u00f3giai innov\u00e1ci\u00f3 r\u00e9v\u00e9n<\/em><\/p>\n\n\n\n<p><em><strong>Projekt helysz\u00edne (r\u00e9gi\u00f3):<\/strong><\/em><\/p>\n\n\n\n<p><em><\/em><em>K\u00f6z\u00e9p-Dun\u00e1nt\u00fal<\/em><\/p>\n\n\n\n<p><em><strong>Projekt helysz\u00edne (megye):<\/strong><\/em><\/p>\n\n\n\n<p><em><\/em><em>Kom\u00e1rom-Esztergom<\/em><\/p>\n\n\n\n<p><em><strong>Projekt helysz\u00edne (telep\u00fcl\u00e9s):<\/strong><\/em><\/p>\n\n\n\n<p><em><\/em><em>Tata<\/em><\/p>\n\n\n\n<p><em><strong>Meg\u00edt\u00e9lt \u00f6sszeg:<\/strong><\/em><\/p>\n\n\n\n<p><em><\/em><em>14 914 717 .- HUF<\/em><\/p>\n\n\n\n<p><em><strong>T\u00e1mogat\u00e1s ar\u00e1nya:<\/strong><\/em><\/p>\n\n\n\n<p><em><\/em><em>50 %<\/em><\/p>\n\n\n\n<p><em><strong>T\u00e1mogat\u00e1si d\u00f6nt\u00e9s d\u00e1tuma:<\/strong><\/em><\/p>\n\n\n\n<p><em><\/em><em>2018.04.03<\/em><\/p>\n\n\n\n<p><em><strong>Forr\u00e1s:<\/strong><\/em><\/p>\n\n\n\n<p><em>ERFA<\/em><\/p>\n\n\n\n<p><em><strong>Orsz\u00e1g:<\/strong><\/em><\/p>\n\n\n\n<p><em>&nbsp;<\/em><em>Magyarorsz\u00e1g<\/em><\/p>\n\n\n\n<p><em><strong>Uni\u00f3s t\u00e1rsfinansz\u00edroz\u00e1si r\u00e1ta:<\/strong><\/em><\/p>\n\n\n\n<p><em><\/em><em>50 &#8211; ERFA<\/em><\/p>\n\n\n\n<p><em><strong>Projekt \u00f6sszk\u00f6lts\u00e9g:<\/strong><\/em><\/p>\n\n\n\n<p><em><\/em><em>29 829 434 .- HUF<\/em><\/p>\n\n\n\n<p><em>A GINOP 2.1.8-17-2017-400 azonos\u00edt\u00f3 sz\u00e1m\u00fa projekt &nbsp;fizikai befejez\u00e9se 2018. okt\u00f3ber 09-\u00e9n megt\u00f6rt\u00e9nt.<\/em><\/p>\n\n\n\n<p><em>Megval\u00f3s\u00edt\u00e1si helysz\u00edne a Sofa Faipari Kft. telephelye, &nbsp;Kom\u00e1rom-Esztergom Megye, 2890 Tata, Kakas u. hrsz.: 0153\/5.<\/em><\/p>\n\n\n\n<p><em>Ezen projekt keret\u00e9ben beszerz\u00e9sre ker\u00fclt egy Reinbold gy\u00e1rtm\u00e1ny\u00fa AZR 1500 S\/45 kW t\u00edpus\u00fa apr\u00edt\u00f3g\u00e9p . A g\u00e9p hat\u00e9konyan darabolja a raklapgy\u00e1rt\u00e1s sor\u00e1n keletkezett mell\u00e9kterm\u00e9keket, s\u00e9r\u00fclt raklapokat \u00e9s egy\u00e9be fa csomagol\u00f3anyagokat. Ennek a technol\u00f3giai fejleszt\u00e9snek eredm\u00e9nyek\u00e9nt meg\u00fajul\u00f3 energiaforr\u00e1s gy\u00e1rt\u00e1sa val\u00f3sul meg telephely\u00fcnk\u00f6n. Az AZR 1500-as g\u00e9p \u00e1ltal el\u0151\u00e1ll\u00edtott faapr\u00edt\u00e9k m\u00e9rete szab\u00e1lyozhat\u00f3. Fontos \u00faj\u00edt\u00e1sa a berendez\u00e9snek, hogy m\u0171k\u00f6d\u00e9se k\u00f6zben egy m\u00e1gnes seg\u00edts\u00e9g\u00e9vel a f\u00e9m hullad\u00e9kot lev\u00e1lasztja a f\u00e1r\u00f3l \u00e9s azt k\u00fcl\u00f6n gy\u0171jti.<\/em><\/p>\n<\/div>\n<\/div>\n\n\n\n<div style=\"height:var(--wp--preset--spacing--20)\" aria-hidden=\"true\" class=\"wp-block-spacer\"><\/div>\n\n\n\n<figure class=\"wp-block-image size-full\"><img loading=\"lazy\" decoding=\"async\" width=\"780\" height=\"586\" src=\"https:\/\/sofakft.hu\/wp-content\/uploads\/2025\/07\/Nevtelen.png\" alt=\"\" class=\"wp-image-89\" style=\"aspect-ratio:16\/9;object-fit:cover\" srcset=\"https:\/\/sofakft.hu\/wp-content\/uploads\/2025\/07\/Nevtelen.png 780w, https:\/\/sofakft.hu\/wp-content\/uploads\/2025\/07\/Nevtelen-300x225.png 300w, https:\/\/sofakft.hu\/wp-content\/uploads\/2025\/07\/Nevtelen-768x577.png 768w\" sizes=\"auto, (max-width: 780px) 100vw, 780px\" \/><\/figure>\n<\/div>\n\n\n\n<div style=\"height:var(--wp--preset--spacing--20)\" aria-hidden=\"true\" class=\"wp-block-spacer\"><\/div>\n<\/div>","protected":false},"excerpt":{"rendered":"<p>Alapadatok P\u00e1ly\u00e1z\u00f3 neve: Sofa Faipari Fafeldolgoz\u00f3 Korl\u00e1tolt Felel\u0151ss\u00e9g\u0171 T\u00e1rsas\u00e1g Projekt megnevez\u00e9se: A Sofa Faipari Kft versenyk\u00e9pess\u00e9g\u00e9nek n\u00f6vel\u00e9se adapt\u00edv technol\u00f3giai &nbsp;&nbsp;innov\u00e1ci\u00f3 r\u00e9v\u00e9n OP n\u00e9v: GINOP P\u00e1ly\u00e1zati ki\u00edr\u00e1s megnevez\u00e9se: GINOP-2.1.8-17 &#8211; A KKV-k versenyk\u00e9pess\u00e9g\u00e9nek n\u00f6vel\u00e9se adapt\u00edv &nbsp;&nbsp;technol\u00f3giai innov\u00e1ci\u00f3 r\u00e9v\u00e9n Projekt helysz\u00edne (r\u00e9gi\u00f3): K\u00f6z\u00e9p-Dun\u00e1nt\u00fal Projekt helysz\u00edne (megye): Kom\u00e1rom-Esztergom Projekt helysz\u00edne (telep\u00fcl\u00e9s): Tata Meg\u00edt\u00e9lt \u00f6sszeg: 14 914 717 .- [&hellip;]<\/p>","protected":false},"author":1,"featured_media":0,"parent":0,"menu_order":0,"comment_status":"closed","ping_status":"closed","template":"","meta":{"footnotes":""},"class_list":["post-88","page","type-page","status-publish","hentry"],"_links":{"self":[{"href":"https:\/\/sofakft.hu\/en\/wp-json\/wp\/v2\/pages\/88","targetHints":{"allow":["GET"]}}],"collection":[{"href":"https:\/\/sofakft.hu\/en\/wp-json\/wp\/v2\/pages"}],"about":[{"href":"https:\/\/sofakft.hu\/en\/wp-json\/wp\/v2\/types\/page"}],"author":[{"embeddable":true,"href":"https:\/\/sofakft.hu\/en\/wp-json\/wp\/v2\/users\/1"}],"replies":[{"embeddable":true,"href":"https:\/\/sofakft.hu\/en\/wp-json\/wp\/v2\/comments?post=88"}],"version-history":[{"count":1,"href":"https:\/\/sofakft.hu\/en\/wp-json\/wp\/v2\/pages\/88\/revisions"}],"predecessor-version":[{"id":91,"href":"https:\/\/sofakft.hu\/en\/wp-json\/wp\/v2\/pages\/88\/revisions\/91"}],"wp:attachment":[{"href":"https:\/\/sofakft.hu\/en\/wp-json\/wp\/v2\/media?parent=88"}],"curies":[{"name":"wp","href":"https:\/\/api.w.org\/{rel}","templated":true}]}}